{"id":366,"date":"2022-10-14T06:42:54","date_gmt":"2022-10-14T06:42:54","guid":{"rendered":"https:\/\/dev.ffpe-toulouse.org\/?page_id=366"},"modified":"2023-01-18T09:56:46","modified_gmt":"2023-01-18T09:56:46","slug":"ffpe","status":"publish","type":"page","link":"https:\/\/dev.ffpe-toulouse.org\/?page_id=366","title":{"rendered":"FFPE"},"content":{"rendered":"\n<div class=\"inherit-container-width is-layout-constrained wp-block-group\" style=\"border-style:none;border-width:0px\">\n<h2>F\u00e9d\u00e9ration des Femmes pour l&rsquo;Europe<\/h2>\n\n\n\n<div style=\"height:25px\" aria-hidden=\"true\" class=\"wp-block-spacer\"><\/div>\n\n\n\n<div class=\"is-layout-flex wp-container-3 wp-block-columns\">\n<div class=\"is-layout-flow wp-block-column\" style=\"flex-basis:33.33%\">\n<figure class=\"wp-block-image aligncenter size-full is-resized\"><img decoding=\"async\" loading=\"lazy\" src=\"https:\/\/dev.ffpe-toulouse.org\/wp-content\/uploads\/2022\/10\/cropped-Logo_FFPE_haute-resolution-1-scaled-1.jpg\" alt=\"\" class=\"wp-image-904\" width=\"194\" height=\"194\" srcset=\"https:\/\/dev.ffpe-toulouse.org\/wp-content\/uploads\/2022\/10\/cropped-Logo_FFPE_haute-resolution-1-scaled-1.jpg 512w, https:\/\/dev.ffpe-toulouse.org\/wp-content\/uploads\/2022\/10\/cropped-Logo_FFPE_haute-resolution-1-scaled-1-300x300.jpg 300w, https:\/\/dev.ffpe-toulouse.org\/wp-content\/uploads\/2022\/10\/cropped-Logo_FFPE_haute-resolution-1-scaled-1-150x150.jpg 150w, https:\/\/dev.ffpe-toulouse.org\/wp-content\/uploads\/2022\/10\/cropped-Logo_FFPE_haute-resolution-1-scaled-1-270x270.jpg 270w, https:\/\/dev.ffpe-toulouse.org\/wp-content\/uploads\/2022\/10\/cropped-Logo_FFPE_haute-resolution-1-scaled-1-192x192.jpg 192w, https:\/\/dev.ffpe-toulouse.org\/wp-content\/uploads\/2022\/10\/cropped-Logo_FFPE_haute-resolution-1-scaled-1-180x180.jpg 180w, https:\/\/dev.ffpe-toulouse.org\/wp-content\/uploads\/2022\/10\/cropped-Logo_FFPE_haute-resolution-1-scaled-1-32x32.jpg 32w\" sizes=\"(max-width: 194px) 100vw, 194px\" \/><\/figure>\n<\/div>\n\n\n\n<div class=\"is-layout-flow wp-block-column\" style=\"flex-basis:66.66%\">\n<p><strong>Cr\u00e9\u00e9e en 1989, la F\u00e9d\u00e9ration des Femmes pour l\u2019Europe est une association de loi 1901, \u00e0 but non lucratif, \u0153uvrant pour l\u2019\u00e9galit\u00e9 femmes-hommes et la lutte contre les discriminations.<\/strong><\/p>\n\n\n\n<p>Depuis plus de 30 ans, nous luttons pour la promotion de l\u2019\u00e9galit\u00e9 entre les femmes et les hommes. <\/p>\n\n\n\n<p><strong>Notre volont\u00e9<\/strong> : repenser les voies vers l\u2019autonomie des femmes en leur permettant de ren\u00e9gocier leurs places et leurs m\u00e9rites dans la soci\u00e9t\u00e9. Nous luttons aussi activement contre l\u2019individualisme, qui affecte d\u2019abord les individu.e.s les plus fragiles et freine la coh\u00e9sion citoyenne.<\/p>\n\n\n\n<p>Nous menons des projets dans la r\u00e9gion toulousaine et plus sp\u00e9cifiquement dans le cadre du Contrat de Ville avec Toulouse, dans le quartier Est o\u00f9 se trouvent nos locaux.<\/p>\n\n\n\n<p>Nous rejoignons aussi l\u2019action d\u2019autres acteur.trice.s sur des territoires d&rsquo;Occitanie, notamment dans le cadre de la lutte contre les violences faites aux femmes, et l\u2019inclusion num\u00e9rique.<\/p>\n<\/div>\n<\/div>\n<\/div>\n\n\n\n<div class=\"inherit-container-width is-layout-constrained wp-block-group\">\n<h2>Nos actions au quotidien<\/h2>\n\n\n\n<p><strong>Promouvoir l\u2019\u00e9galit\u00e9 entre les femmes<\/strong> <strong>et les hommes implique aussi de lutter contre toutes les formes d\u2019exclusion, de discrimination, de violence, et de harc\u00e8lement.&nbsp;<\/strong><\/p>\n\n\n\n<p>Les missions que nous mettons en \u0153uvre prennent plusieurs formes. L\u2019objectif, quant \u00e0 lui, reste de rendre dignit\u00e9, autonomie et pouvoir d\u2019agir \u00e0 nos publics, en s\u2019appuyant notamment sur l\u2019innovation sociale, l\u2019accueil et l\u2019accompagnement dans la dur\u00e9e. Ainsi, nos actions se r\u00e9sument \u00e0 :&nbsp;<\/p>\n\n\n\n<p>\u279c l\u2019insertion sociale et le maintien du lien social, de toute les personnes isol\u00e9es ou en exclusion, notamment celles vivant dans des territoires fragilis\u00e9s ;&nbsp;<\/p>\n\n\n\n<p>\u279c l\u2019insertion vers l\u2019emploi de femmes en exclusion et en recherche d\u2019emploi ;&nbsp;<\/p>\n\n\n\n<p>\u279c le soutien psychologique, avec la mise \u00e0 disposition d\u2019un accueil psychologique pour toute personne en situation de d\u00e9tresse, d\u2019isolement ou de souffrance psycho-sociale ;&nbsp;<\/p>\n\n\n\n<p>\u279c l\u2019inclusion num\u00e9rique des femmes et personnes seules ou isol\u00e9es, pour leur redonner l\u2019acc\u00e8s \u00e0 leurs droits sociaux, professionnels et citoyens et d\u00e9velopper leurs capacit\u00e9s d\u2019ouverture sociale, culturelle, de loisirs\u2026 ;&nbsp;<\/p>\n\n\n\n<p>\u279c la lutte contre le harc\u00e8lement, et notamment les violences en ligne v\u00e9cues par les plus jeunes ;&nbsp;<\/p>\n\n\n\n<p>\u279c la lutte contre l\u2019exclusion des s\u00e9niors, et leur accompagnement vers des proc\u00e9dures inclusives ;&nbsp;<\/p>\n\n\n\n<p>\u279c l\u2019appartenance au dispositif <a href=\"https:\/\/www.monalisa-asso.fr\/\" target=\"_blank\" rel=\"noreferrer noopener\"><strong>Monalisa<\/strong><\/a>, qui pr\u00e9voit de mettre \u00e0 disposition des seniors fragilis\u00e9s et isol\u00e9s, des b\u00e9n\u00e9voles de proximit\u00e9.<\/p>\n\n\n\n<div style=\"height:50px\" aria-hidden=\"true\" class=\"wp-block-spacer\"><\/div>\n\n\n\n<p><strong>Acteur associatif de l\u2019est toulousain, la FFPE met \u00e9galement \u00e0 disposition 3 centres de ressources destin\u00e9s \u00e0 favoriser l\u2019acc\u00e8s aux droits des plus fragiles et l\u2019inclusion citoyenne et num\u00e9rique des a\u00een\u00e9s.<\/strong><\/p>\n\n\n\n<div class=\"is-content-justification-left is-layout-flex wp-container-5 wp-block-buttons\">\n<div class=\"wp-block-button is-style-fill\"><a class=\"wp-block-button__link wp-element-button\" href=\"https:\/\/sites.google.com\/ffpe-toulouse.org\/orphee\/accueil\" target=\"_blank\" rel=\"noreferrer noopener\">orph\u00e9e<\/a><\/div>\n\n\n\n<div class=\"wp-block-button is-style-fill\"><a class=\"wp-block-button__link wp-element-button\" href=\"https:\/\/solicare.wixsite.com\/ffpe\" target=\"_blank\" rel=\"noreferrer noopener\">solicare<\/a><\/div>\n\n\n\n<div class=\"wp-block-button is-style-fill\"><a class=\"wp-block-button__link wp-element-button\" href=\"https:\/\/sites.google.com\/ffpe-toulouse.org\/premedia-enedis\" target=\"_blank\" rel=\"noreferrer noopener\">premedia<\/a><\/div>\n<\/div>\n<\/div>\n\n\n\n<div class=\"inherit-container-width is-layout-constrained wp-block-group\">\n<h2>S&rsquo;inscrire dans une d\u00e9marche collective europ\u00e9enne<\/h2>\n\n\n\n<p><strong>L\u2019Europe structure et promeut les politiques en mati\u00e8re d\u2019\u00e9galit\u00e9 femmes\u2013hommes et de lutte contre les discriminations.<\/strong><\/p>\n\n\n\n<p>Cet environnement permet alors de d\u00e9velopper des politiques de lutte contre les discriminations et de promotion de l\u2019\u00e9galit\u00e9 entre les femmes et les hommes, gr\u00e2ce \u00e0 l&rsquo;adoption d&rsquo;actes l\u00e9gislatifs. L\u2019Union Europ\u00e9enne construit ainsi tout un arsenal l\u00e9gal et normatif (trait\u00e9s, directives, jurisprudences) dans le but de garantir une pleine \u00e9galit\u00e9.&nbsp;<\/p>\n\n\n\n<p>C\u2019est dans cette m\u00eame dynamique que s\u2019est inscrite la cr\u00e9ation de la FFPE, en 1989.&nbsp;<\/p>\n\n\n\n<p>La FFPE a \u00e9t\u00e9 fond\u00e9e par un groupe de femmes convaincues que la participation des femmes dans la construction de l\u2019Europe pouvait \u00eatre porteuse d\u2019une vision nouvelle et&nbsp; transversale.&nbsp;<\/p>\n\n\n\n<p>Depuis notre cr\u00e9ation, nous nous effor\u00e7ons d&rsquo;apporter des r\u00e9ponses innovantes et pertinentes aux probl\u00e8mes de soci\u00e9t\u00e9, en associant les orientations des politiques publiques europ\u00e9ennes et nationales, aux bonnes pratiques de l\u2019innovation et \u00e0 une vision partenariale syst\u00e9mique.<\/p>\n\n\n\n<p>En produisant id\u00e9es et propositions, pens\u00e9es et finalis\u00e9es dans la compl\u00e9mentarit\u00e9, la coop\u00e9ration en vue d\u2019un objectif commun n\u2019a jamais cess\u00e9 de conduire notre action au quotidien.<\/p>\n<\/div>\n\n\n\n<div class=\"inherit-container-width is-layout-constrained wp-block-group has-border-color has-ast-global-color-0-border-color\" style=\"border-width:5px\">\n<div class=\"is-layout-flex wp-container-10 wp-block-columns\">\n<div class=\"is-layout-flow wp-block-column\" style=\"flex-basis:33.33%\">\n<h2>Contact et permanences<\/h2>\n<\/div>\n\n\n\n<div class=\"is-layout-flow wp-block-column\" style=\"flex-basis:66.66%\">\n<p><strong>L\u2019association est compos\u00e9e d\u2019un conseil d\u2019administration qui est pr\u00e9sid\u00e9 par<\/strong> <br><strong>Val\u00e9rie Dauphin, Pr\u00e9sidente.<\/strong><\/p>\n\n\n\n<div style=\"height:20px\" aria-hidden=\"true\" class=\"wp-block-spacer\"><\/div>\n\n\n\n<h3 class=\"has-ast-global-color-0-color has-text-color\">Si\u00e8ge<\/h3>\n\n\n\n<p>1 rue L\u00e9on Jouhaux, 31500 Toulouse<\/p>\n\n\n\n<p>\ud83d\udce7<strong> <a href=\"mailto:ffpe31@gmail.com\">ffpe31@gmail.com<\/a><\/strong><\/p>\n\n\n\n<p>\u260e\ufe0f 05 34 30 99 92<br>Accueil t\u00e9l\u00e9phonique tous les jours de 9h \u00e0 18h<\/p>\n\n\n\n<div style=\"height:20px\" aria-hidden=\"true\" class=\"wp-block-spacer\"><\/div>\n\n\n\n<h3 class=\"has-ast-global-color-0-color has-text-color\">Permanences Cit\u00e9 de la Gloire<\/h3>\n\n\n\n<p>6 rue du G\u00e9n\u00e9ral Baurot, 31500 Toulouse<\/p>\n\n\n\n<p>\u260e\ufe0f 05 32 98 01 46<br>Prendre RDV par t\u00e9l\u00e9phone pour vos RDV emplois, ateliers num\u00e9riques et vos RDV avec la psychologue<\/p>\n\n\n\n<p><strong>Permanences\u00a0<\/strong><br>Les lundis, mardis, jeudis de 8h30 \u00e0 16h30<br>vendredis de 9h \u00e0 18h<\/p>\n\n\n\n<p>\u279c Accueil<br>\u279c Accompagnement Emploi<br>\u279c Consultations psychologiques<\/p>\n<\/div>\n<\/div>\n<\/div>\n","protected":false},"excerpt":{"rendered":"<p>F\u00e9d\u00e9ration des Femmes pour l&rsquo;Europe Cr\u00e9\u00e9e en 1989, la F\u00e9d\u00e9ration des Femmes pour l\u2019Europe est une association de loi 1901, \u00e0 but non lucratif, \u0153uvrant pour l\u2019\u00e9galit\u00e9 femmes-hommes et la lutte contre les discriminations. Depuis plus de 30 ans, nous luttons pour la promotion de l\u2019\u00e9galit\u00e9 entre les femmes et les hommes. Notre volont\u00e9 : &hellip;<\/p>\n<p class=\"read-more\"> <a class=\"\" href=\"https:\/\/dev.ffpe-toulouse.org\/?page_id=366\"> <span class=\"screen-reader-text\">FFPE<\/span> Lire la suite\u00a0\u00bb<\/a><\/p>\n","protected":false},"author":1,"featured_media":0,"parent":0,"menu_order":0,"comment_status":"closed","ping_status":"closed","template":"","meta":{"site-sidebar-layout":"default","site-content-layout":"default","ast-global-header-display":"","ast-main-header-display":"","ast-hfb-above-header-display":"","ast-hfb-below-header-display":"","ast-hfb-mobile-header-display":"","site-post-title":"disabled","ast-breadcrumbs-content":"","ast-featured-img":"","footer-sml-layout":"","theme-transparent-header-meta":"","adv-header-id-meta":"","stick-header-meta":"","header-above-stick-meta":"","header-main-stick-meta":"","header-below-stick-meta":""},"yoast_head":"<!-- This site is optimized with the Yoast SEO plugin v20.0 - https:\/\/yoast.com\/wordpress\/plugins\/seo\/ -->\n<title>\u0152uvrer pour l&#039;\u00e9galit\u00e9 et combattre les discriminations \u00b7 FFPE<\/title>\n<meta name=\"description\" content=\"Cr\u00e9\u00e9e en 1989, la FFPE est une association \u00e0 but non lucratif, \u0153uvrant pour l\u2019\u00e9galit\u00e9 femmes-hommes et la lutte contre les discriminations.\" \/>\n<meta name=\"robots\" content=\"index, follow, max-snippet:-1, max-image-preview:large, max-video-preview:-1\" \/>\n<link rel=\"canonical\" href=\"https:\/\/dev.ffpe-toulouse.org\/?page_id=366\" \/>\n<meta property=\"og:locale\" content=\"fr_FR\" \/>\n<meta property=\"og:type\" content=\"article\" \/>\n<meta property=\"og:title\" content=\"\u0152uvrer pour l&#039;\u00e9galit\u00e9 et combattre les discriminations \u00b7 FFPE\" \/>\n<meta property=\"og:description\" content=\"Cr\u00e9\u00e9e en 1989, la FFPE est une association \u00e0 but non lucratif, \u0153uvrant pour l\u2019\u00e9galit\u00e9 femmes-hommes et la lutte contre les discriminations.\" \/>\n<meta property=\"og:url\" content=\"https:\/\/dev.ffpe-toulouse.org\/?page_id=366\" \/>\n<meta property=\"og:site_name\" content=\"F\u00e9d\u00e9ration des Femmes pour l&#039;Europe\" \/>\n<meta property=\"article:publisher\" content=\"https:\/\/www.facebook.com\/ffpe31\/\" \/>\n<meta property=\"article:modified_time\" content=\"2023-01-18T09:56:46+00:00\" \/>\n<meta property=\"og:image\" content=\"https:\/\/dev.ffpe-toulouse.org\/wp-content\/uploads\/2022\/10\/cropped-Logo_FFPE_haute-resolution-1-scaled-1.jpg\" \/>\n<meta name=\"twitter:card\" content=\"summary_large_image\" \/>\n<meta name=\"twitter:site\" content=\"@ffpe31\" \/>\n<meta name=\"twitter:label1\" content=\"Dur\u00e9e de lecture estim\u00e9e\" \/>\n\t<meta name=\"twitter:data1\" content=\"4 minutes\" \/>\n<script type=\"application\/ld+json\" class=\"yoast-schema-graph\">{\"@context\":\"https:\/\/schema.org\",\"@graph\":[{\"@type\":\"WebPage\",\"@id\":\"https:\/\/dev.ffpe-toulouse.org\/?page_id=366\",\"url\":\"https:\/\/dev.ffpe-toulouse.org\/?page_id=366\",\"name\":\"\u0152uvrer pour l'\u00e9galit\u00e9 et combattre les discriminations \u00b7 FFPE\",\"isPartOf\":{\"@id\":\"https:\/\/dev.ffpe-toulouse.org\/#website\"},\"datePublished\":\"2022-10-14T06:42:54+00:00\",\"dateModified\":\"2023-01-18T09:56:46+00:00\",\"description\":\"Cr\u00e9\u00e9e en 1989, la FFPE est une association \u00e0 but non lucratif, \u0153uvrant pour l\u2019\u00e9galit\u00e9 femmes-hommes et la lutte contre les discriminations.\",\"breadcrumb\":{\"@id\":\"https:\/\/dev.ffpe-toulouse.org\/?page_id=366#breadcrumb\"},\"inLanguage\":\"fr-FR\",\"potentialAction\":[{\"@type\":\"ReadAction\",\"target\":[\"https:\/\/dev.ffpe-toulouse.org\/?page_id=366\"]}]},{\"@type\":\"BreadcrumbList\",\"@id\":\"https:\/\/dev.ffpe-toulouse.org\/?page_id=366#breadcrumb\",\"itemListElement\":[{\"@type\":\"ListItem\",\"position\":1,\"name\":\"Accueil\",\"item\":\"https:\/\/dev.ffpe-toulouse.org\/\"},{\"@type\":\"ListItem\",\"position\":2,\"name\":\"FFPE\"}]},{\"@type\":\"WebSite\",\"@id\":\"https:\/\/dev.ffpe-toulouse.org\/#website\",\"url\":\"https:\/\/dev.ffpe-toulouse.org\/\",\"name\":\"F\u00e9d\u00e9ration des Femmes pour l'Europe\",\"description\":\"Association\",\"publisher\":{\"@id\":\"https:\/\/dev.ffpe-toulouse.org\/#organization\"},\"potentialAction\":[{\"@type\":\"SearchAction\",\"target\":{\"@type\":\"EntryPoint\",\"urlTemplate\":\"https:\/\/dev.ffpe-toulouse.org\/?s={search_term_string}\"},\"query-input\":\"required name=search_term_string\"}],\"inLanguage\":\"fr-FR\"},{\"@type\":\"Organization\",\"@id\":\"https:\/\/dev.ffpe-toulouse.org\/#organization\",\"name\":\"F\u00e9d\u00e9ration des Femmes pour l'Europe\",\"url\":\"https:\/\/dev.ffpe-toulouse.org\/\",\"logo\":{\"@type\":\"ImageObject\",\"inLanguage\":\"fr-FR\",\"@id\":\"https:\/\/dev.ffpe-toulouse.org\/#\/schema\/logo\/image\/\",\"url\":\"https:\/\/dev.ffpe-toulouse.org\/wp-content\/uploads\/2022\/10\/cropped-cropped-cropped-Logo_FFPE_haute-resolution-1-scaled-1.jpg\",\"contentUrl\":\"https:\/\/dev.ffpe-toulouse.org\/wp-content\/uploads\/2022\/10\/cropped-cropped-cropped-Logo_FFPE_haute-resolution-1-scaled-1.jpg\",\"width\":512,\"height\":438,\"caption\":\"F\u00e9d\u00e9ration des Femmes pour l'Europe\"},\"image\":{\"@id\":\"https:\/\/dev.ffpe-toulouse.org\/#\/schema\/logo\/image\/\"},\"sameAs\":[\"https:\/\/www.instagram.com\/ffpe31\/\",\"https:\/\/www.facebook.com\/ffpe31\/\",\"https:\/\/twitter.com\/ffpe31\"]}]}<\/script>\n<!-- \/ Yoast SEO plugin. -->","yoast_head_json":{"title":"\u0152uvrer pour l'\u00e9galit\u00e9 et combattre les discriminations \u00b7 FFPE","description":"Cr\u00e9\u00e9e en 1989, la FFPE est une association \u00e0 but non lucratif, \u0153uvrant pour l\u2019\u00e9galit\u00e9 femmes-hommes et la lutte contre les discriminations.","robots":{"index":"index","follow":"follow","max-snippet":"max-snippet:-1","max-image-preview":"max-image-preview:large","max-video-preview":"max-video-preview:-1"},"canonical":"https:\/\/dev.ffpe-toulouse.org\/?page_id=366","og_locale":"fr_FR","og_type":"article","og_title":"\u0152uvrer pour l'\u00e9galit\u00e9 et combattre les discriminations \u00b7 FFPE","og_description":"Cr\u00e9\u00e9e en 1989, la FFPE est une association \u00e0 but non lucratif, \u0153uvrant pour l\u2019\u00e9galit\u00e9 femmes-hommes et la lutte contre les discriminations.","og_url":"https:\/\/dev.ffpe-toulouse.org\/?page_id=366","og_site_name":"F\u00e9d\u00e9ration des Femmes pour l&#039;Europe","article_publisher":"https:\/\/www.facebook.com\/ffpe31\/","article_modified_time":"2023-01-18T09:56:46+00:00","og_image":[{"url":"https:\/\/dev.ffpe-toulouse.org\/wp-content\/uploads\/2022\/10\/cropped-Logo_FFPE_haute-resolution-1-scaled-1.jpg"}],"twitter_card":"summary_large_image","twitter_site":"@ffpe31","twitter_misc":{"Dur\u00e9e de lecture estim\u00e9e":"4 minutes"},"schema":{"@context":"https:\/\/schema.org","@graph":[{"@type":"WebPage","@id":"https:\/\/dev.ffpe-toulouse.org\/?page_id=366","url":"https:\/\/dev.ffpe-toulouse.org\/?page_id=366","name":"\u0152uvrer pour l'\u00e9galit\u00e9 et combattre les discriminations \u00b7 FFPE","isPartOf":{"@id":"https:\/\/dev.ffpe-toulouse.org\/#website"},"datePublished":"2022-10-14T06:42:54+00:00","dateModified":"2023-01-18T09:56:46+00:00","description":"Cr\u00e9\u00e9e en 1989, la FFPE est une association \u00e0 but non lucratif, \u0153uvrant pour l\u2019\u00e9galit\u00e9 femmes-hommes et la lutte contre les discriminations.","breadcrumb":{"@id":"https:\/\/dev.ffpe-toulouse.org\/?page_id=366#breadcrumb"},"inLanguage":"fr-FR","potentialAction":[{"@type":"ReadAction","target":["https:\/\/dev.ffpe-toulouse.org\/?page_id=366"]}]},{"@type":"BreadcrumbList","@id":"https:\/\/dev.ffpe-toulouse.org\/?page_id=366#breadcrumb","itemListElement":[{"@type":"ListItem","position":1,"name":"Accueil","item":"https:\/\/dev.ffpe-toulouse.org\/"},{"@type":"ListItem","position":2,"name":"FFPE"}]},{"@type":"WebSite","@id":"https:\/\/dev.ffpe-toulouse.org\/#website","url":"https:\/\/dev.ffpe-toulouse.org\/","name":"F\u00e9d\u00e9ration des Femmes pour l'Europe","description":"Association","publisher":{"@id":"https:\/\/dev.ffpe-toulouse.org\/#organization"},"potentialAction":[{"@type":"SearchAction","target":{"@type":"EntryPoint","urlTemplate":"https:\/\/dev.ffpe-toulouse.org\/?s={search_term_string}"},"query-input":"required name=search_term_string"}],"inLanguage":"fr-FR"},{"@type":"Organization","@id":"https:\/\/dev.ffpe-toulouse.org\/#organization","name":"F\u00e9d\u00e9ration des Femmes pour l'Europe","url":"https:\/\/dev.ffpe-toulouse.org\/","logo":{"@type":"ImageObject","inLanguage":"fr-FR","@id":"https:\/\/dev.ffpe-toulouse.org\/#\/schema\/logo\/image\/","url":"https:\/\/dev.ffpe-toulouse.org\/wp-content\/uploads\/2022\/10\/cropped-cropped-cropped-Logo_FFPE_haute-resolution-1-scaled-1.jpg","contentUrl":"https:\/\/dev.ffpe-toulouse.org\/wp-content\/uploads\/2022\/10\/cropped-cropped-cropped-Logo_FFPE_haute-resolution-1-scaled-1.jpg","width":512,"height":438,"caption":"F\u00e9d\u00e9ration des Femmes pour l'Europe"},"image":{"@id":"https:\/\/dev.ffpe-toulouse.org\/#\/schema\/logo\/image\/"},"sameAs":["https:\/\/www.instagram.com\/ffpe31\/","https:\/\/www.facebook.com\/ffpe31\/","https:\/\/twitter.com\/ffpe31"]}]}},"_links":{"self":[{"href":"https:\/\/dev.ffpe-toulouse.org\/index.php?rest_route=\/wp\/v2\/pages\/366"}],"collection":[{"href":"https:\/\/dev.ffpe-toulouse.org\/index.php?rest_route=\/wp\/v2\/pages"}],"about":[{"href":"https:\/\/dev.ffpe-toulouse.org\/index.php?rest_route=\/wp\/v2\/types\/page"}],"author":[{"embeddable":true,"href":"https:\/\/dev.ffpe-toulouse.org\/index.php?rest_route=\/wp\/v2\/users\/1"}],"replies":[{"embeddable":true,"href":"https:\/\/dev.ffpe-toulouse.org\/index.php?rest_route=%2Fwp%2Fv2%2Fcomments&post=366"}],"version-history":[{"count":59,"href":"https:\/\/dev.ffpe-toulouse.org\/index.php?rest_route=\/wp\/v2\/pages\/366\/revisions"}],"predecessor-version":[{"id":1612,"href":"https:\/\/dev.ffpe-toulouse.org\/index.php?rest_route=\/wp\/v2\/pages\/366\/revisions\/1612"}],"wp:attachment":[{"href":"https:\/\/dev.ffpe-toulouse.org\/index.php?rest_route=%2Fwp%2Fv2%2Fmedia&parent=366"}],"curies":[{"name":"wp","href":"https:\/\/api.w.org\/{rel}","templated":true}]}}