{"id":1466,"date":"2023-01-11T14:22:29","date_gmt":"2023-01-11T14:22:29","guid":{"rendered":"https:\/\/dev.ffpe-toulouse.org\/?page_id=1466"},"modified":"2023-01-18T15:55:17","modified_gmt":"2023-01-18T15:55:17","slug":"droits-sociaux","status":"publish","type":"page","link":"https:\/\/dev.ffpe-toulouse.org\/?page_id=1466","title":{"rendered":"Droits sociaux"},"content":{"rendered":"\n<div class=\"inherit-container-width is-layout-constrained wp-block-group\">\n<h1 class=\"has-white-color has-ast-global-color-0-background-color has-text-color has-background\" style=\"padding-top:var(--wp--preset--spacing--30);padding-right:var(--wp--preset--spacing--30);padding-bottom:var(--wp--preset--spacing--30);padding-left:var(--wp--preset--spacing--30)\">Droits Sociaux<\/h1>\n\n\n\n<h2>Mesure d\u2019accompagnement social personnalis\u00e9 (Masp)<\/h2>\n\n\n\n<p>En vertu de l\u2019article L271-1 du Code de l\u2019action sociale et des familles toute personne majeure qui per\u00e7oit des prestations sociales et dont la sant\u00e9 ou la s\u00e9curit\u00e9 est menac\u00e9e par les difficult\u00e9s qu\u2019elle \u00e9prouve \u00e0 g\u00e9rer ses ressources peut b\u00e9n\u00e9ficier d\u2019une mesure d\u2019accompagnement social personnalis\u00e9 qui comporte une aide \u00e0 la gestion de ses prestations sociales et un accompagnement social individualis\u00e9.<\/p>\n\n\n\n<ul>\n<li>Forme de la mesure<\/li>\n<\/ul>\n\n\n\n<p>La mesure prend la forme d\u2019un contrat d\u2019accompagnement social personnalis\u00e9. Le contrat est conclu entre l\u2019int\u00e9ress\u00e9 et le d\u00e9partement, repr\u00e9sent\u00e9 par le pr\u00e9sident du conseil d\u00e9partemental et il repose sur des engagements r\u00e9ciproques.<br>Le contrat pr\u00e9voit des actions en faveur de l\u2019insertion sociale et il tend \u00e0 r\u00e9tablir les conditions d\u2019une gestion autonome des prestations sociales. En contrepartie l\u2019int\u00e9ress\u00e9 s\u2019engage \u00e0 faire des efforts dans la gestion de ses ressources.<\/p>\n\n\n\n<ul>\n<li>Effets<\/li>\n<\/ul>\n\n\n\n<p>C\u2019est une mesure qui a une dimension contractuelle, elle repose sur le consentement de la personne. Le b\u00e9n\u00e9ficiaire conclu un contrat avec le d\u00e9partement qui s\u2019engage a d\u00e9velopper un accompagnement social individualis\u00e9 \u00e0 son \u00e9gard. Le b\u00e9n\u00e9ficiaire s\u2019oblige \u00e0 am\u00e9liorer sa situation financi\u00e8re et la gestion de ses prestations sociales.<br>Il peut continuer \u00e0 percevoir directement les prestations sociales et donc en assurer lui-m\u00eame la gestion.<br>Cependant il peut autoriser le d\u00e9partement \u00e0 percevoir et \u00e0 g\u00e9rer pour son compte tout ou partie des prestations sociales qu\u2019il per\u00e7oit, en les affectant en priorit\u00e9 au paiement du loyer et charges locatives en cours.<br>Toutefois en cas de refus par l\u2019int\u00e9ress\u00e9, le pr\u00e9sident du conseil d\u00e9partemental peut demander au juge d\u2019instance que soit proc\u00e9d\u00e9 au versement direct, chaque mois, au bailleur, des prestations sociales dont l\u2019int\u00e9ress\u00e9 est b\u00e9n\u00e9ficiaire \u00e0 hauteur du montant du loyer et des charges locatives dont il est redevable.<\/p>\n\n\n\n<ul>\n<li>Dur\u00e9e de la mesure<\/li>\n<\/ul>\n\n\n\n<p>Le contrat est conclu pour une dur\u00e9e de six mois \u00e0 deux ans et peut \u00eatre modifi\u00e9 par avenant. Il peut \u00eatre renouvel\u00e9, apr\u00e8s avoir fait l\u2019objet d\u2019une \u00e9valuation pr\u00e9alable, sans que la dur\u00e9e totale de la mesure d\u2019accompagnement social personnalis\u00e9 puisse exc\u00e9der quatre ans.<\/p>\n\n\n\n<ul>\n<li>Co\u00fbt de la mesure<\/li>\n<\/ul>\n\n\n\n<p>Une contribution peut \u00eatre demand\u00e9e \u00e0 la personne ayant conclu un contrat d\u2019accompagnement social personnalis\u00e9. Son montant est arr\u00eat\u00e9 par le pr\u00e9sident du conseil d\u00e9partemental en fonction des ressources de l\u2019int\u00e9ress\u00e9 et dans la limite d\u2019un plafond fix\u00e9 par d\u00e9cret, dans les conditions pr\u00e9vues par le r\u00e8glement d\u00e9partemental d\u2019aide sociale.<\/p>\n\n\n\n<p><em><strong>Liens utiles :<\/strong><\/em><\/p>\n\n\n\n<ul>\n<li><a href=\"http:\/\/www.toulouse.fr\/documents\/106827\/4866003\/Chapitre4_guideseniors.pdf\/1eeab217-cf73-4bb1-af68-6e70de95af38\">Lien Etre senior et bien vivre \u00e0 Toulouse<\/a>&nbsp;:&nbsp;<\/li>\n\n\n\n<li><a href=\"http:\/\/www.legifrance.gouv.fr\/affichCode.do?idSectionTA=LEGISCTA000006157616&amp;cidTexte=LEGITEXT000006074069\">Legifrance<\/a><\/li>\n\n\n\n<li><a href=\"http:\/\/www.haute-garonne.fr\/fr\/vous-etes\/personne-agee.html\">Conseil d\u00e9partemental Toulouse<\/a>\n<ul>\n<li><\/li>\n<\/ul>\n<\/li>\n<\/ul>\n<\/div>\n\n\n\n<div class=\"inherit-container-width is-layout-constrained wp-block-group\">\n<h2>Mesure d\u2019accompagnement judiciaire (Maj)<\/h2>\n\n\n\n<p>Cette mesure concerne les personnes qui connaissent de graves difficult\u00e9s sociales et\/ou budg\u00e9taires afin de les aider \u00e0 retrouver une autonomie financi\u00e8re. La mise en place d\u2019une MAJ rel\u00e8ve de la comp\u00e9tence du Conseil D\u00e9partemental. Il lui appartient d\u2019en faire la demande lorsque la Mesure d\u2019Accompagnement Sociale Personnalis\u00e9e (MASP) a \u00e9chou\u00e9. La personne ne doit pas \u00eatre plac\u00e9e sous tutelle ou curatelle.<\/p>\n\n\n\n<ul>\n<li>Ouverture de la mesure<\/li>\n<\/ul>\n\n\n\n<p>La mesure d\u2019accompagnement judiciaire ne peut \u00eatre prononc\u00e9e qu\u2019\u00e0 la demande du procureur de la R\u00e9publique qui en appr\u00e9cie l\u2019opportunit\u00e9 au vu du rapport des services sociaux.&nbsp; Le juge des tutelles statue apr\u00e8s avoir entendu ou appel\u00e9 la personne concern\u00e9e.<\/p>\n\n\n\n<ul>\n<li>Effets<\/li>\n<\/ul>\n\n\n\n<p>Le juge des tutelles d\u00e9signe un mandataire judiciaire \u00e0 la protection des majeurs qui va g\u00e9rer tout ou partie des prestations sociales de la personne.<br>Le mandataire judiciaire \u00e0 la protection des majeurs va alors percevoir les prestations incluses dans la mesure d\u2019accompagnement judiciaire sur un compte ouvert au nom de la personne aupr\u00e8s d\u2019un \u00e9tablissement habilit\u00e9 \u00e0 recevoir des fonds du public.<br>Il doit g\u00e9rer ces prestations dans l\u2019int\u00e9r\u00eat de la personne en tenant compte de son avis et de sa situation familiale.<br>Il joue aussi un r\u00f4le \u00e9ducatif puisqu\u2019il doit aider la personne \u00e0 r\u00e9tablir les conditions d\u2019une gestion autonome de ses prestations sociales.<br>C\u2019est une mesure contraignante, elle s\u2019impose \u00e0 la personne et ne repose pas sur un contrat.<br>Toutefois il est important de pr\u00e9ciser qu\u2019elle n\u2019entra\u00eene aucune incapacit\u00e9 d\u2019exercice.<\/p>\n\n\n\n<ul>\n<li>Dur\u00e9e de la mesure<\/li>\n<\/ul>\n\n\n\n<p>Le juge fixe la dur\u00e9e de la mesure qui ne peut exc\u00e9der deux ans. Il peut, \u00e0 la demande de la personne prot\u00e9g\u00e9e, du mandataire ou du procureur de la R\u00e9publique, la renouveler par d\u00e9cision sp\u00e9cialement motiv\u00e9e sans que la dur\u00e9e totale puisse exc\u00e9der quatre ans.<br>Le juge peut mettre fin ou modifier l\u2019\u00e9tendue de la mesure \u00e0 tout moment, d\u2019office ou \u00e0 la demande de la personne prot\u00e9g\u00e9e, du mandataire judiciaire \u00e0 la protection des majeurs ou du procureur de la R\u00e9publique, apr\u00e8s avoir entendu ou appel\u00e9 la personne. La mesure prend fin automatiquement si une mesure de curatelle ou de tutelle est ouverte.<\/p>\n\n\n\n<p><strong><em>Lien utile :<\/em><\/strong><br>Site du minist\u00e8re de la justice :<a href=\"http:\/\/www.vos-droits.justice.gouv.fr\/tutelle-curatelle-et-sauvegarde-11960\/mesures-daccompagnement-des-majeurs-20747.html\">http:\/\/www.vos-droits.justice.gouv.fr\/tutelle-curatelle-et-sauvegarde-11960\/mesures-daccompagnement-des-majeurs-20747.html<\/a><\/p>\n\n\n\n<p><strong><em>Sources :<\/em><\/strong><br>Site Legifrance :<br><a href=\"http:\/\/www.legifrance.gouv.fr\/affichCode.do;jsessionid=50B36CE7FCDA205A7D7C5F5DF3EDAC86.tpdila09v_3?idSectionTA=LEGISCTA000006136232&amp;cidTexte=LEGITEXT000006070721&amp;dateTexte=20150416\">http:\/\/www.legifrance.gouv.fr\/affichCode.do;jsessionid=50B36CE7FCDA205A7D7C5F5DF3EDAC86.tpdila09v_3?idSectionTA=LEGISCTA000006136232&amp;cidTexte=LEGITEXT000006070721&amp;dateTexte=20150416<\/a><br>Site tribunal d\u2019instance Toulouse :<br><a href=\"http:\/\/www.ti-toulouse.justice.fr\/\">http:\/\/www.ti-toulouse.justice.fr\/<\/a><\/p>\n<\/div>\n\n\n\n<div class=\"inherit-container-width is-layout-constrained wp-block-group\">\n<h2>Le RSA (Revenu de Solidarit\u00e9 Active)<\/h2>\n\n\n\n<p>Le Revenu de Solidarit\u00e9 Active (RSA) a \u00e9t\u00e9 instaur\u00e9 par&nbsp;<a href=\"https:\/\/www.legifrance.gouv.fr\/loda\/id\/JORFTEXT000019860428\/#:~:text=%2DIl%20est%20institu%C3%A9%20un%20revenu,l'insertion%20sociale%20des%20b%C3%A9n%C3%A9ficiaires.\" target=\"_blank\" rel=\"noreferrer noopener\">la loi n\u00b0 2008-1249 du 1er d\u00e9cembre 2008<\/a>&nbsp;et est entr\u00e9 en vigueur en juin 2009. En simplifiant le syst\u00e8me d\u2019aide sociale, son objectif est d\u2019encourager l\u2019acc\u00e8s ou le retour \u00e0 l\u2019emploi.<\/p>\n\n\n\n<p>Cette allocation est con\u00e7ue et vers\u00e9e sous certaines conditions, pour que l\u2019activit\u00e9 ou la reprise d\u2019activit\u00e9 apporte une plus-value financi\u00e8re aux personnes en recherche d\u2019emploi ou \u00e0 revenu modeste. Financ\u00e9 par les Conseils d\u00e9partementaux, le RSA est vers\u00e9 par les caisses de MSA ou les caisses d\u2019allocations familiales (CAF).<\/p>\n\n\n\n<p>Il garantit :<\/p>\n\n\n\n<ul>\n<li>Un revenu minimum pour les personnes sans ressources et sous certaines conditions<\/li>\n\n\n\n<li>Un accompagnement personnalis\u00e9.<\/li>\n<\/ul>\n\n\n\n<h2>Les conditions pour percevoir le RSA<\/h2>\n\n\n\n<p>\u00catre \u00e2g\u00e9 d\u2019au moins 25 ans ou avoir un enfant n\u00e9 ou \u00e0 na\u00eetre, ou si \u00e2g\u00e9 entre 18 et 25 ans, avoir travaill\u00e9 au moins 2 ans \u00e0 temps plein dans les 3 derni\u00e8res ann\u00e9es.<\/p>\n\n\n\n<p>\u00catre de nationalit\u00e9 fran\u00e7aise (ou \u00eatre \u00e9tranger en situation r\u00e9guli\u00e8re sous certaines conditions), et r\u00e9sider en France de mani\u00e8re stable et effective.<\/p>\n\n\n\n<p>Avoir des ressources inf\u00e9rieures \u00e0 un certain plafond (variable selon la composition familiale).<\/p>\n\n\n\n<div class=\"is-layout-flex wp-block-buttons\">\n<div class=\"wp-block-button\"><a class=\"wp-block-button__link wp-element-button\" href=\"https:\/\/www.caf.fr\/allocataires\/caf-de-la-haute-garonne\/actualites-departementales\/plus-de-25-ans-vous-avez-peut-etre-droit-au-rsa\" target=\"_blank\" rel=\"noreferrer noopener\">CAF : Allocataires RSA<\/a><\/div>\n\n\n\n<div class=\"wp-block-button\"><a class=\"wp-block-button__link wp-element-button\" href=\"https:\/\/www.haute-garonne.fr\/service\/le-revenu-de-solidarite-active\" target=\"_blank\" rel=\"noreferrer noopener\">Conseil d\u00e9partemental de la Haute-Garonne<\/a><\/div>\n<\/div>\n<\/div>\n","protected":false},"excerpt":{"rendered":"<p>Droits Sociaux Mesure d\u2019accompagnement social personnalis\u00e9 (Masp) En vertu de l\u2019article L271-1 du Code de l\u2019action sociale et des familles toute personne majeure qui per\u00e7oit des prestations sociales et dont la sant\u00e9 ou la s\u00e9curit\u00e9 est menac\u00e9e par les difficult\u00e9s qu\u2019elle \u00e9prouve \u00e0 g\u00e9rer ses ressources peut b\u00e9n\u00e9ficier d\u2019une mesure d\u2019accompagnement social personnalis\u00e9 qui comporte &hellip;<\/p>\n<p class=\"read-more\"> <a class=\"\" href=\"https:\/\/dev.ffpe-toulouse.org\/?page_id=1466\"> <span class=\"screen-reader-text\">Droits sociaux<\/span> Lire la suite\u00a0\u00bb<\/a><\/p>\n","protected":false},"author":2,"featured_media":0,"parent":0,"menu_order":0,"comment_status":"closed","ping_status":"closed","template":"","meta":{"site-sidebar-layout":"default","site-content-layout":"default","ast-global-header-display":"","ast-main-header-display":"","ast-hfb-above-header-display":"","ast-hfb-below-header-display":"","ast-hfb-mobile-header-display":"","site-post-title":"disabled","ast-breadcrumbs-content":"","ast-featured-img":"","footer-sml-layout":"","theme-transparent-header-meta":"","adv-header-id-meta":"","stick-header-meta":"","header-above-stick-meta":"","header-main-stick-meta":"","header-below-stick-meta":""},"yoast_head":"<!-- This site is optimized with the Yoast SEO plugin v20.0 - https:\/\/yoast.com\/wordpress\/plugins\/seo\/ -->\n<title>Droits sociaux - F\u00e9d\u00e9ration des Femmes pour l&#039;Europe<\/title>\n<meta name=\"robots\" content=\"index, follow, max-snippet:-1, max-image-preview:large, max-video-preview:-1\" \/>\n<link rel=\"canonical\" href=\"https:\/\/dev.ffpe-toulouse.org\/?page_id=1466\" \/>\n<meta property=\"og:locale\" content=\"fr_FR\" \/>\n<meta property=\"og:type\" content=\"article\" \/>\n<meta property=\"og:title\" content=\"Droits sociaux - F\u00e9d\u00e9ration des Femmes pour l&#039;Europe\" \/>\n<meta property=\"og:description\" content=\"Droits Sociaux Mesure d\u2019accompagnement social personnalis\u00e9 (Masp) En vertu de l\u2019article L271-1 du Code de l\u2019action sociale et des familles toute personne majeure qui per\u00e7oit des prestations sociales et dont la sant\u00e9 ou la s\u00e9curit\u00e9 est menac\u00e9e par les difficult\u00e9s qu\u2019elle \u00e9prouve \u00e0 g\u00e9rer ses ressources peut b\u00e9n\u00e9ficier d\u2019une mesure d\u2019accompagnement social personnalis\u00e9 qui comporte &hellip; Droits sociaux Lire la suite\u00a0\u00bb\" \/>\n<meta property=\"og:url\" content=\"https:\/\/dev.ffpe-toulouse.org\/?page_id=1466\" \/>\n<meta property=\"og:site_name\" content=\"F\u00e9d\u00e9ration des Femmes pour l&#039;Europe\" \/>\n<meta property=\"article:publisher\" content=\"https:\/\/www.facebook.com\/ffpe31\/\" \/>\n<meta property=\"article:modified_time\" content=\"2023-01-18T15:55:17+00:00\" \/>\n<meta name=\"twitter:card\" content=\"summary_large_image\" \/>\n<meta name=\"twitter:site\" content=\"@ffpe31\" \/>\n<meta name=\"twitter:label1\" content=\"Dur\u00e9e de lecture estim\u00e9e\" \/>\n\t<meta name=\"twitter:data1\" content=\"6 minutes\" \/>\n<script type=\"application\/ld+json\" class=\"yoast-schema-graph\">{\"@context\":\"https:\/\/schema.org\",\"@graph\":[{\"@type\":\"WebPage\",\"@id\":\"https:\/\/dev.ffpe-toulouse.org\/?page_id=1466\",\"url\":\"https:\/\/dev.ffpe-toulouse.org\/?page_id=1466\",\"name\":\"Droits sociaux - F\u00e9d\u00e9ration des Femmes pour l&#039;Europe\",\"isPartOf\":{\"@id\":\"https:\/\/dev.ffpe-toulouse.org\/#website\"},\"datePublished\":\"2023-01-11T14:22:29+00:00\",\"dateModified\":\"2023-01-18T15:55:17+00:00\",\"breadcrumb\":{\"@id\":\"https:\/\/dev.ffpe-toulouse.org\/?page_id=1466#breadcrumb\"},\"inLanguage\":\"fr-FR\",\"potentialAction\":[{\"@type\":\"ReadAction\",\"target\":[\"https:\/\/dev.ffpe-toulouse.org\/?page_id=1466\"]}]},{\"@type\":\"BreadcrumbList\",\"@id\":\"https:\/\/dev.ffpe-toulouse.org\/?page_id=1466#breadcrumb\",\"itemListElement\":[{\"@type\":\"ListItem\",\"position\":1,\"name\":\"Accueil\",\"item\":\"https:\/\/dev.ffpe-toulouse.org\/\"},{\"@type\":\"ListItem\",\"position\":2,\"name\":\"Droits sociaux\"}]},{\"@type\":\"WebSite\",\"@id\":\"https:\/\/dev.ffpe-toulouse.org\/#website\",\"url\":\"https:\/\/dev.ffpe-toulouse.org\/\",\"name\":\"F\u00e9d\u00e9ration des Femmes pour l'Europe\",\"description\":\"Association\",\"publisher\":{\"@id\":\"https:\/\/dev.ffpe-toulouse.org\/#organization\"},\"potentialAction\":[{\"@type\":\"SearchAction\",\"target\":{\"@type\":\"EntryPoint\",\"urlTemplate\":\"https:\/\/dev.ffpe-toulouse.org\/?s={search_term_string}\"},\"query-input\":\"required name=search_term_string\"}],\"inLanguage\":\"fr-FR\"},{\"@type\":\"Organization\",\"@id\":\"https:\/\/dev.ffpe-toulouse.org\/#organization\",\"name\":\"F\u00e9d\u00e9ration des Femmes pour l'Europe\",\"url\":\"https:\/\/dev.ffpe-toulouse.org\/\",\"logo\":{\"@type\":\"ImageObject\",\"inLanguage\":\"fr-FR\",\"@id\":\"https:\/\/dev.ffpe-toulouse.org\/#\/schema\/logo\/image\/\",\"url\":\"https:\/\/dev.ffpe-toulouse.org\/wp-content\/uploads\/2022\/10\/cropped-cropped-cropped-Logo_FFPE_haute-resolution-1-scaled-1.jpg\",\"contentUrl\":\"https:\/\/dev.ffpe-toulouse.org\/wp-content\/uploads\/2022\/10\/cropped-cropped-cropped-Logo_FFPE_haute-resolution-1-scaled-1.jpg\",\"width\":512,\"height\":438,\"caption\":\"F\u00e9d\u00e9ration des Femmes pour l'Europe\"},\"image\":{\"@id\":\"https:\/\/dev.ffpe-toulouse.org\/#\/schema\/logo\/image\/\"},\"sameAs\":[\"https:\/\/www.instagram.com\/ffpe31\/\",\"https:\/\/www.facebook.com\/ffpe31\/\",\"https:\/\/twitter.com\/ffpe31\"]}]}<\/script>\n<!-- \/ Yoast SEO plugin. -->","yoast_head_json":{"title":"Droits sociaux - F\u00e9d\u00e9ration des Femmes pour l&#039;Europe","robots":{"index":"index","follow":"follow","max-snippet":"max-snippet:-1","max-image-preview":"max-image-preview:large","max-video-preview":"max-video-preview:-1"},"canonical":"https:\/\/dev.ffpe-toulouse.org\/?page_id=1466","og_locale":"fr_FR","og_type":"article","og_title":"Droits sociaux - F\u00e9d\u00e9ration des Femmes pour l&#039;Europe","og_description":"Droits Sociaux Mesure d\u2019accompagnement social personnalis\u00e9 (Masp) En vertu de l\u2019article L271-1 du Code de l\u2019action sociale et des familles toute personne majeure qui per\u00e7oit des prestations sociales et dont la sant\u00e9 ou la s\u00e9curit\u00e9 est menac\u00e9e par les difficult\u00e9s qu\u2019elle \u00e9prouve \u00e0 g\u00e9rer ses ressources peut b\u00e9n\u00e9ficier d\u2019une mesure d\u2019accompagnement social personnalis\u00e9 qui comporte &hellip; Droits sociaux Lire la suite\u00a0\u00bb","og_url":"https:\/\/dev.ffpe-toulouse.org\/?page_id=1466","og_site_name":"F\u00e9d\u00e9ration des Femmes pour l&#039;Europe","article_publisher":"https:\/\/www.facebook.com\/ffpe31\/","article_modified_time":"2023-01-18T15:55:17+00:00","twitter_card":"summary_large_image","twitter_site":"@ffpe31","twitter_misc":{"Dur\u00e9e de lecture estim\u00e9e":"6 minutes"},"schema":{"@context":"https:\/\/schema.org","@graph":[{"@type":"WebPage","@id":"https:\/\/dev.ffpe-toulouse.org\/?page_id=1466","url":"https:\/\/dev.ffpe-toulouse.org\/?page_id=1466","name":"Droits sociaux - F\u00e9d\u00e9ration des Femmes pour l&#039;Europe","isPartOf":{"@id":"https:\/\/dev.ffpe-toulouse.org\/#website"},"datePublished":"2023-01-11T14:22:29+00:00","dateModified":"2023-01-18T15:55:17+00:00","breadcrumb":{"@id":"https:\/\/dev.ffpe-toulouse.org\/?page_id=1466#breadcrumb"},"inLanguage":"fr-FR","potentialAction":[{"@type":"ReadAction","target":["https:\/\/dev.ffpe-toulouse.org\/?page_id=1466"]}]},{"@type":"BreadcrumbList","@id":"https:\/\/dev.ffpe-toulouse.org\/?page_id=1466#breadcrumb","itemListElement":[{"@type":"ListItem","position":1,"name":"Accueil","item":"https:\/\/dev.ffpe-toulouse.org\/"},{"@type":"ListItem","position":2,"name":"Droits sociaux"}]},{"@type":"WebSite","@id":"https:\/\/dev.ffpe-toulouse.org\/#website","url":"https:\/\/dev.ffpe-toulouse.org\/","name":"F\u00e9d\u00e9ration des Femmes pour l'Europe","description":"Association","publisher":{"@id":"https:\/\/dev.ffpe-toulouse.org\/#organization"},"potentialAction":[{"@type":"SearchAction","target":{"@type":"EntryPoint","urlTemplate":"https:\/\/dev.ffpe-toulouse.org\/?s={search_term_string}"},"query-input":"required name=search_term_string"}],"inLanguage":"fr-FR"},{"@type":"Organization","@id":"https:\/\/dev.ffpe-toulouse.org\/#organization","name":"F\u00e9d\u00e9ration des Femmes pour l'Europe","url":"https:\/\/dev.ffpe-toulouse.org\/","logo":{"@type":"ImageObject","inLanguage":"fr-FR","@id":"https:\/\/dev.ffpe-toulouse.org\/#\/schema\/logo\/image\/","url":"https:\/\/dev.ffpe-toulouse.org\/wp-content\/uploads\/2022\/10\/cropped-cropped-cropped-Logo_FFPE_haute-resolution-1-scaled-1.jpg","contentUrl":"https:\/\/dev.ffpe-toulouse.org\/wp-content\/uploads\/2022\/10\/cropped-cropped-cropped-Logo_FFPE_haute-resolution-1-scaled-1.jpg","width":512,"height":438,"caption":"F\u00e9d\u00e9ration des Femmes pour l'Europe"},"image":{"@id":"https:\/\/dev.ffpe-toulouse.org\/#\/schema\/logo\/image\/"},"sameAs":["https:\/\/www.instagram.com\/ffpe31\/","https:\/\/www.facebook.com\/ffpe31\/","https:\/\/twitter.com\/ffpe31"]}]}},"_links":{"self":[{"href":"https:\/\/dev.ffpe-toulouse.org\/index.php?rest_route=\/wp\/v2\/pages\/1466"}],"collection":[{"href":"https:\/\/dev.ffpe-toulouse.org\/index.php?rest_route=\/wp\/v2\/pages"}],"about":[{"href":"https:\/\/dev.ffpe-toulouse.org\/index.php?rest_route=\/wp\/v2\/types\/page"}],"author":[{"embeddable":true,"href":"https:\/\/dev.ffpe-toulouse.org\/index.php?rest_route=\/wp\/v2\/users\/2"}],"replies":[{"embeddable":true,"href":"https:\/\/dev.ffpe-toulouse.org\/index.php?rest_route=%2Fwp%2Fv2%2Fcomments&post=1466"}],"version-history":[{"count":11,"href":"https:\/\/dev.ffpe-toulouse.org\/index.php?rest_route=\/wp\/v2\/pages\/1466\/revisions"}],"predecessor-version":[{"id":1652,"href":"https:\/\/dev.ffpe-toulouse.org\/index.php?rest_route=\/wp\/v2\/pages\/1466\/revisions\/1652"}],"wp:attachment":[{"href":"https:\/\/dev.ffpe-toulouse.org\/index.php?rest_route=%2Fwp%2Fv2%2Fmedia&parent=1466"}],"curies":[{"name":"wp","href":"https:\/\/api.w.org\/{rel}","templated":true}]}}