{"id":1463,"date":"2023-01-11T14:21:33","date_gmt":"2023-01-11T14:21:33","guid":{"rendered":"https:\/\/dev.ffpe-toulouse.org\/?page_id=1463"},"modified":"2023-01-18T15:52:18","modified_gmt":"2023-01-18T15:52:18","slug":"acces-aux-droits","status":"publish","type":"page","link":"https:\/\/dev.ffpe-toulouse.org\/?page_id=1463","title":{"rendered":"Acc\u00e9s aux droits"},"content":{"rendered":"\n<div class=\"inherit-container-width is-layout-constrained wp-block-group\">\n<div class=\"inherit-container-width is-layout-constrained wp-block-group\">\n<h1 class=\"has-ast-global-color-5-color has-ast-global-color-0-background-color has-text-color has-background\" style=\"padding-top:var(--wp--preset--spacing--30);padding-right:var(--wp--preset--spacing--30);padding-bottom:var(--wp--preset--spacing--30);padding-left:var(--wp--preset--spacing--30)\">Acc\u00e8s aux droits<\/h1>\n\n\n\n<figure class=\"wp-block-image size-full\"><img decoding=\"async\" loading=\"lazy\" width=\"2560\" height=\"1599\" src=\"https:\/\/dev.ffpe-toulouse.org\/wp-content\/uploads\/2023\/01\/acces-aux-droits-edited-1-scaled.jpg\" alt=\"\" class=\"wp-image-1601\" srcset=\"https:\/\/dev.ffpe-toulouse.org\/wp-content\/uploads\/2023\/01\/acces-aux-droits-edited-1-scaled.jpg 2560w, https:\/\/dev.ffpe-toulouse.org\/wp-content\/uploads\/2023\/01\/acces-aux-droits-edited-1-300x187.jpg 300w, https:\/\/dev.ffpe-toulouse.org\/wp-content\/uploads\/2023\/01\/acces-aux-droits-edited-1-1024x640.jpg 1024w, https:\/\/dev.ffpe-toulouse.org\/wp-content\/uploads\/2023\/01\/acces-aux-droits-edited-1-768x480.jpg 768w, https:\/\/dev.ffpe-toulouse.org\/wp-content\/uploads\/2023\/01\/acces-aux-droits-edited-1-1536x960.jpg 1536w, https:\/\/dev.ffpe-toulouse.org\/wp-content\/uploads\/2023\/01\/acces-aux-droits-edited-1-2048x1280.jpg 2048w\" sizes=\"(max-width: 2560px) 100vw, 2560px\" \/><\/figure>\n<\/div>\n\n\n\n<div class=\"inherit-container-width is-layout-constrained wp-block-group\">\n<p>Cette rubrique regroupe des fiches techniques ainsi que des liens pouvant faciliter vos recherches.<br>Vous y trouverez des informations et guides sur les aides existantes.<\/p>\n\n\n\n<ul>\n<li><a href=\"https:\/\/dev.ffpe-toulouse.org\/index.php\/droits-sociaux\/\" target=\"_blank\" rel=\"noreferrer noopener\">Droits sociaux<\/a><\/li>\n\n\n\n<li><a href=\"https:\/\/dev.ffpe-toulouse.org\/index.php\/droits-juridiques\/\" target=\"_blank\" rel=\"noreferrer noopener\">Droits juridiques<\/a><\/li>\n\n\n\n<li><a href=\"https:\/\/dev.ffpe-toulouse.org\/index.php\/droits-des-etrangers\/\" target=\"_blank\" rel=\"noreferrer noopener\">Droits des \u00e9trangers<\/a><\/li>\n\n\n\n<li><a href=\"https:\/\/dev.ffpe-toulouse.org\/index.php\/droits-au-logement\/\">Droits au logement <\/a><\/li>\n\n\n\n<li><a href=\"https:\/\/dev.ffpe-toulouse.org\/index.php\/droits-a-la-sante\/\">Droits \u00e0 la Sant\u00e9<\/a><\/li>\n\n\n\n<li><a href=\"https:\/\/dev.ffpe-toulouse.org\/index.php\/transports\/\" target=\"_blank\" rel=\"noreferrer noopener\">Transports<\/a><\/li>\n\n\n\n<li><a href=\"https:\/\/dev.ffpe-toulouse.org\/index.php\/aides-aux-familles\/\" target=\"_blank\" rel=\"noreferrer noopener\">Aides aux familles<\/a><\/li>\n<\/ul>\n<\/div>\n<\/div>\n","protected":false},"excerpt":{"rendered":"<p>Acc\u00e8s aux droits Cette rubrique regroupe des fiches techniques ainsi que des liens pouvant faciliter vos recherches.Vous y trouverez des informations et guides sur les aides existantes.<\/p>\n","protected":false},"author":2,"featured_media":0,"parent":0,"menu_order":0,"comment_status":"closed","ping_status":"closed","template":"","meta":{"site-sidebar-layout":"default","site-content-layout":"default","ast-global-header-display":"","ast-main-header-display":"","ast-hfb-above-header-display":"","ast-hfb-below-header-display":"","ast-hfb-mobile-header-display":"","site-post-title":"disabled","ast-breadcrumbs-content":"","ast-featured-img":"","footer-sml-layout":"","theme-transparent-header-meta":"","adv-header-id-meta":"","stick-header-meta":"","header-above-stick-meta":"","header-main-stick-meta":"","header-below-stick-meta":""},"yoast_head":"<!-- This site is optimized with the Yoast SEO plugin v20.0 - https:\/\/yoast.com\/wordpress\/plugins\/seo\/ -->\n<title>Acc\u00e9s aux droits - F\u00e9d\u00e9ration des Femmes pour l&#039;Europe<\/title>\n<meta name=\"robots\" content=\"index, follow, max-snippet:-1, max-image-preview:large, max-video-preview:-1\" \/>\n<link rel=\"canonical\" href=\"https:\/\/dev.ffpe-toulouse.org\/?page_id=1463\" \/>\n<meta property=\"og:locale\" content=\"fr_FR\" \/>\n<meta property=\"og:type\" content=\"article\" \/>\n<meta property=\"og:title\" content=\"Acc\u00e9s aux droits - F\u00e9d\u00e9ration des Femmes pour l&#039;Europe\" \/>\n<meta property=\"og:description\" content=\"Acc\u00e8s aux droits Cette rubrique regroupe des fiches techniques ainsi que des liens pouvant faciliter vos recherches.Vous y trouverez des informations et guides sur les aides existantes.\" \/>\n<meta property=\"og:url\" content=\"https:\/\/dev.ffpe-toulouse.org\/?page_id=1463\" \/>\n<meta property=\"og:site_name\" content=\"F\u00e9d\u00e9ration des Femmes pour l&#039;Europe\" \/>\n<meta property=\"article:publisher\" content=\"https:\/\/www.facebook.com\/ffpe31\/\" \/>\n<meta property=\"article:modified_time\" content=\"2023-01-18T15:52:18+00:00\" \/>\n<meta property=\"og:image\" content=\"https:\/\/dev.ffpe-toulouse.org\/wp-content\/uploads\/2023\/01\/acces-aux-droits-edited-1-scaled.jpg\" \/>\n<meta name=\"twitter:card\" content=\"summary_large_image\" \/>\n<meta name=\"twitter:site\" content=\"@ffpe31\" \/>\n<meta name=\"twitter:label1\" content=\"Dur\u00e9e de lecture estim\u00e9e\" \/>\n\t<meta name=\"twitter:data1\" content=\"1 minute\" \/>\n<script type=\"application\/ld+json\" class=\"yoast-schema-graph\">{\"@context\":\"https:\/\/schema.org\",\"@graph\":[{\"@type\":\"WebPage\",\"@id\":\"https:\/\/dev.ffpe-toulouse.org\/?page_id=1463\",\"url\":\"https:\/\/dev.ffpe-toulouse.org\/?page_id=1463\",\"name\":\"Acc\u00e9s aux droits - F\u00e9d\u00e9ration des Femmes pour l&#039;Europe\",\"isPartOf\":{\"@id\":\"https:\/\/dev.ffpe-toulouse.org\/#website\"},\"datePublished\":\"2023-01-11T14:21:33+00:00\",\"dateModified\":\"2023-01-18T15:52:18+00:00\",\"breadcrumb\":{\"@id\":\"https:\/\/dev.ffpe-toulouse.org\/?page_id=1463#breadcrumb\"},\"inLanguage\":\"fr-FR\",\"potentialAction\":[{\"@type\":\"ReadAction\",\"target\":[\"https:\/\/dev.ffpe-toulouse.org\/?page_id=1463\"]}]},{\"@type\":\"BreadcrumbList\",\"@id\":\"https:\/\/dev.ffpe-toulouse.org\/?page_id=1463#breadcrumb\",\"itemListElement\":[{\"@type\":\"ListItem\",\"position\":1,\"name\":\"Accueil\",\"item\":\"https:\/\/dev.ffpe-toulouse.org\/\"},{\"@type\":\"ListItem\",\"position\":2,\"name\":\"Acc\u00e9s aux droits\"}]},{\"@type\":\"WebSite\",\"@id\":\"https:\/\/dev.ffpe-toulouse.org\/#website\",\"url\":\"https:\/\/dev.ffpe-toulouse.org\/\",\"name\":\"F\u00e9d\u00e9ration des Femmes pour l'Europe\",\"description\":\"Association\",\"publisher\":{\"@id\":\"https:\/\/dev.ffpe-toulouse.org\/#organization\"},\"potentialAction\":[{\"@type\":\"SearchAction\",\"target\":{\"@type\":\"EntryPoint\",\"urlTemplate\":\"https:\/\/dev.ffpe-toulouse.org\/?s={search_term_string}\"},\"query-input\":\"required name=search_term_string\"}],\"inLanguage\":\"fr-FR\"},{\"@type\":\"Organization\",\"@id\":\"https:\/\/dev.ffpe-toulouse.org\/#organization\",\"name\":\"F\u00e9d\u00e9ration des Femmes pour l'Europe\",\"url\":\"https:\/\/dev.ffpe-toulouse.org\/\",\"logo\":{\"@type\":\"ImageObject\",\"inLanguage\":\"fr-FR\",\"@id\":\"https:\/\/dev.ffpe-toulouse.org\/#\/schema\/logo\/image\/\",\"url\":\"https:\/\/dev.ffpe-toulouse.org\/wp-content\/uploads\/2022\/10\/cropped-cropped-cropped-Logo_FFPE_haute-resolution-1-scaled-1.jpg\",\"contentUrl\":\"https:\/\/dev.ffpe-toulouse.org\/wp-content\/uploads\/2022\/10\/cropped-cropped-cropped-Logo_FFPE_haute-resolution-1-scaled-1.jpg\",\"width\":512,\"height\":438,\"caption\":\"F\u00e9d\u00e9ration des Femmes pour l'Europe\"},\"image\":{\"@id\":\"https:\/\/dev.ffpe-toulouse.org\/#\/schema\/logo\/image\/\"},\"sameAs\":[\"https:\/\/www.instagram.com\/ffpe31\/\",\"https:\/\/www.facebook.com\/ffpe31\/\",\"https:\/\/twitter.com\/ffpe31\"]}]}<\/script>\n<!-- \/ Yoast SEO plugin. -->","yoast_head_json":{"title":"Acc\u00e9s aux droits - F\u00e9d\u00e9ration des Femmes pour l&#039;Europe","robots":{"index":"index","follow":"follow","max-snippet":"max-snippet:-1","max-image-preview":"max-image-preview:large","max-video-preview":"max-video-preview:-1"},"canonical":"https:\/\/dev.ffpe-toulouse.org\/?page_id=1463","og_locale":"fr_FR","og_type":"article","og_title":"Acc\u00e9s aux droits - F\u00e9d\u00e9ration des Femmes pour l&#039;Europe","og_description":"Acc\u00e8s aux droits Cette rubrique regroupe des fiches techniques ainsi que des liens pouvant faciliter vos recherches.Vous y trouverez des informations et guides sur les aides existantes.","og_url":"https:\/\/dev.ffpe-toulouse.org\/?page_id=1463","og_site_name":"F\u00e9d\u00e9ration des Femmes pour l&#039;Europe","article_publisher":"https:\/\/www.facebook.com\/ffpe31\/","article_modified_time":"2023-01-18T15:52:18+00:00","og_image":[{"url":"https:\/\/dev.ffpe-toulouse.org\/wp-content\/uploads\/2023\/01\/acces-aux-droits-edited-1-scaled.jpg"}],"twitter_card":"summary_large_image","twitter_site":"@ffpe31","twitter_misc":{"Dur\u00e9e de lecture estim\u00e9e":"1 minute"},"schema":{"@context":"https:\/\/schema.org","@graph":[{"@type":"WebPage","@id":"https:\/\/dev.ffpe-toulouse.org\/?page_id=1463","url":"https:\/\/dev.ffpe-toulouse.org\/?page_id=1463","name":"Acc\u00e9s aux droits - F\u00e9d\u00e9ration des Femmes pour l&#039;Europe","isPartOf":{"@id":"https:\/\/dev.ffpe-toulouse.org\/#website"},"datePublished":"2023-01-11T14:21:33+00:00","dateModified":"2023-01-18T15:52:18+00:00","breadcrumb":{"@id":"https:\/\/dev.ffpe-toulouse.org\/?page_id=1463#breadcrumb"},"inLanguage":"fr-FR","potentialAction":[{"@type":"ReadAction","target":["https:\/\/dev.ffpe-toulouse.org\/?page_id=1463"]}]},{"@type":"BreadcrumbList","@id":"https:\/\/dev.ffpe-toulouse.org\/?page_id=1463#breadcrumb","itemListElement":[{"@type":"ListItem","position":1,"name":"Accueil","item":"https:\/\/dev.ffpe-toulouse.org\/"},{"@type":"ListItem","position":2,"name":"Acc\u00e9s aux droits"}]},{"@type":"WebSite","@id":"https:\/\/dev.ffpe-toulouse.org\/#website","url":"https:\/\/dev.ffpe-toulouse.org\/","name":"F\u00e9d\u00e9ration des Femmes pour l'Europe","description":"Association","publisher":{"@id":"https:\/\/dev.ffpe-toulouse.org\/#organization"},"potentialAction":[{"@type":"SearchAction","target":{"@type":"EntryPoint","urlTemplate":"https:\/\/dev.ffpe-toulouse.org\/?s={search_term_string}"},"query-input":"required name=search_term_string"}],"inLanguage":"fr-FR"},{"@type":"Organization","@id":"https:\/\/dev.ffpe-toulouse.org\/#organization","name":"F\u00e9d\u00e9ration des Femmes pour l'Europe","url":"https:\/\/dev.ffpe-toulouse.org\/","logo":{"@type":"ImageObject","inLanguage":"fr-FR","@id":"https:\/\/dev.ffpe-toulouse.org\/#\/schema\/logo\/image\/","url":"https:\/\/dev.ffpe-toulouse.org\/wp-content\/uploads\/2022\/10\/cropped-cropped-cropped-Logo_FFPE_haute-resolution-1-scaled-1.jpg","contentUrl":"https:\/\/dev.ffpe-toulouse.org\/wp-content\/uploads\/2022\/10\/cropped-cropped-cropped-Logo_FFPE_haute-resolution-1-scaled-1.jpg","width":512,"height":438,"caption":"F\u00e9d\u00e9ration des Femmes pour l'Europe"},"image":{"@id":"https:\/\/dev.ffpe-toulouse.org\/#\/schema\/logo\/image\/"},"sameAs":["https:\/\/www.instagram.com\/ffpe31\/","https:\/\/www.facebook.com\/ffpe31\/","https:\/\/twitter.com\/ffpe31"]}]}},"_links":{"self":[{"href":"https:\/\/dev.ffpe-toulouse.org\/index.php?rest_route=\/wp\/v2\/pages\/1463"}],"collection":[{"href":"https:\/\/dev.ffpe-toulouse.org\/index.php?rest_route=\/wp\/v2\/pages"}],"about":[{"href":"https:\/\/dev.ffpe-toulouse.org\/index.php?rest_route=\/wp\/v2\/types\/page"}],"author":[{"embeddable":true,"href":"https:\/\/dev.ffpe-toulouse.org\/index.php?rest_route=\/wp\/v2\/users\/2"}],"replies":[{"embeddable":true,"href":"https:\/\/dev.ffpe-toulouse.org\/index.php?rest_route=%2Fwp%2Fv2%2Fcomments&post=1463"}],"version-history":[{"count":10,"href":"https:\/\/dev.ffpe-toulouse.org\/index.php?rest_route=\/wp\/v2\/pages\/1463\/revisions"}],"predecessor-version":[{"id":1650,"href":"https:\/\/dev.ffpe-toulouse.org\/index.php?rest_route=\/wp\/v2\/pages\/1463\/revisions\/1650"}],"wp:attachment":[{"href":"https:\/\/dev.ffpe-toulouse.org\/index.php?rest_route=%2Fwp%2Fv2%2Fmedia&parent=1463"}],"curies":[{"name":"wp","href":"https:\/\/api.w.org\/{rel}","templated":true}]}}