{"id":1447,"date":"2023-01-11T14:23:20","date_gmt":"2023-01-11T14:23:20","guid":{"rendered":"https:\/\/dev.ffpe-toulouse.org\/?page_id=1447"},"modified":"2023-01-18T15:55:55","modified_gmt":"2023-01-18T15:55:55","slug":"droits-juridiques","status":"publish","type":"page","link":"https:\/\/dev.ffpe-toulouse.org\/?page_id=1447","title":{"rendered":"Droits juridiques"},"content":{"rendered":"\n<div class=\"inherit-container-width is-layout-constrained wp-block-group\">\n<h1 class=\"has-white-color has-ast-global-color-0-background-color has-text-color has-background\" style=\"padding-top:var(--wp--preset--spacing--30);padding-right:var(--wp--preset--spacing--30);padding-bottom:var(--wp--preset--spacing--30);padding-left:var(--wp--preset--spacing--30)\">Droits Juridiques<\/h1>\n\n\n\n<h2><strong>Vous avez besoin de renseignements, de conseils<\/strong><\/h2>\n\n\n\n<p>Vous pouvez consulter&nbsp;<strong>gratuitement<\/strong>&nbsp;un avocat, un notaire, un huissier de justice.<br>Pour cela, vous pouvez vous adresser aux consultations et permanences juridiques gratuites pr\u00e9sentes sur Toulouse et le Grand Toulouse.<\/p>\n\n\n\n<div class=\"is-layout-flex wp-block-buttons\">\n<div class=\"wp-block-button is-style-fill\"><a class=\"wp-block-button__link wp-element-button\" href=\"https:\/\/www.cdad-hautegaronne.justice.fr\/\" target=\"_blank\" rel=\"noreferrer noopener\"><strong>Les permanences juridiques<\/strong><\/a><\/div>\n<\/div>\n<\/div>\n\n\n\n<div class=\"inherit-container-width is-layout-constrained wp-block-group\">\n<h2>Vous voulez b\u00e9n\u00e9ficier de l\u2019aide juridictionnelle<\/h2>\n\n\n\n<p>L\u2019aide juridictionnelle permet aux personnes ayant des ressources modestes d\u2019avoir acc\u00e8s \u00e0 la justice.<\/p>\n\n\n\n<p>Cette aide peut \u00eatre totale c\u2019est \u00e0 dire prendre int\u00e9gralement en charge vos frais de justice (les honoraires de votre avocat, de l\u2019avou\u00e9, l\u2019huissier\u2026) ou partielle. Vous n\u2019avez aucune avance \u00e0 faire.<\/p>\n\n\n\n<h3>Dans quelles conditions pouvez-vous en b\u00e9n\u00e9ficier ?<\/h3>\n\n\n\n<p><strong>Condition de nationalit\u00e9&nbsp;:<\/strong><\/p>\n\n\n\n<ul>\n<li>\u00eatre de nationalit\u00e9 fran\u00e7aise<\/li>\n\n\n\n<li>ou ressortissant d\u2019un des \u00c9tats de l\u2019Union Europ\u00e9enne<\/li>\n\n\n\n<li>ou de nationalit\u00e9 \u00e9trang\u00e8re et r\u00e9sider habituellement en France en \u00e9tant en situation r\u00e9guli\u00e8re (cette condition de r\u00e9sidence n\u2019est pas exig\u00e9e si vous \u00eates mineur, t\u00e9moin assist\u00e9, mis en examen, pr\u00e9venu, accus\u00e9, condamn\u00e9 ou partie civile)<\/li>\n\n\n\n<li>ou demandeur d\u2019asile.<\/li>\n<\/ul>\n\n\n\n<p><strong>Condition de ressources :<\/strong><\/p>\n\n\n\n<p>L\u2019aide est octroy\u00e9e sur la base de la moyenne mensuelle des ressources du foyer per\u00e7ues entre le 1er janvier et le 31 d\u00e9cembre de l\u2019ann\u00e9e pr\u00e9c\u00e9dente, sans tenir compte des prestations familiales et de certaines prestations sociales.<br>Si ces conditions de ressources ne sont pas remplies, l\u2019aide juridictionnelle peut n\u00e9anmoins \u00eatre accord\u00e9e, \u00e0 titre exceptionnel, si la situation appara\u00eet particuli\u00e8rement digne d\u2019int\u00e9r\u00eat au regard de l\u2019objet de l\u2019affaire ou des charges pr\u00e9visibles du proc\u00e8s.<\/p>\n\n\n\n<p><strong>A noter&nbsp;<\/strong>: Si le demandeur b\u00e9n\u00e9ficie de l\u2019allocation suppl\u00e9mentaire du Fonds national de solidarit\u00e9 ou de l\u2019Allocation temporaire d\u2019attente (ATA) en tant que demandeur d\u2019asile, il n\u2019est pas demand\u00e9 de justifier de l\u2019insuffisance des ressources.<\/p>\n\n\n\n<h3>Avez vous droit \u00e0 l\u2019aide juridictionnelle ?<\/h3>\n\n\n\n<p>Pour conna\u00eetre les conditions de ressources actualis\u00e9es et savoir si vous pouvez b\u00e9n\u00e9ficier de cette aide, en totalit\u00e9 ou partiellement, vous pouvez consulter le site du&nbsp;<a href=\"http:\/\/www.vos-droits.justice.gouv.fr\/aide-a-lacces-au-droit-11952\/aide-juridictionnelle-20262.html\" target=\"_blank\" rel=\"noreferrer noopener\">Minist\u00e8re de la Justice<\/a>.<\/p>\n\n\n\n<p>Vous trouverez \u00e9galement sur ce site une fiche d\u00e9taill\u00e9e sur l\u2019aide juridictionnelle ainsi que des informations pratiques concernant les diff\u00e9rents recours judicaires en fonction de votre situation et de vos difficult\u00e9s.. Vous pouvez t\u00e9l\u00e9charger le formulaire de demande ainsi que la notice explicative (vous trouverez dans cette notice tout ce dont vous avez besoin pour r\u00e9diger votre demande).<\/p>\n\n\n\n<h3>O\u00f9 d\u00e9poser une demande ?<\/h3>\n\n\n\n<p>Le dossier d\u2019aide juridictionnelle est t\u00e9l\u00e9chargeable sur Internet ou se retire aupr\u00e8s du bureau d\u2019aide juridictionnelle du tribunal de grande instance de votre domicile. Il devra y \u00eatre ensuite d\u00e9pos\u00e9, compl\u00e9t\u00e9 et accompagn\u00e9 des pi\u00e8ces n\u00e9cessaires. Pour Toulouse M\u00e9tropole&nbsp;:<\/p>\n\n\n\n<p><strong>Service d\u2019accueil du tribunal de grande instance&nbsp;<\/strong><br>2 All\u00e9es Jules Guesde<br>BP 7015 \u2013 31068 Toulouse Cedex 7<br>T\u00e9l.: 05.61.33.70.70<\/p>\n\n\n\n<p><strong>Attention !<\/strong>&nbsp;L\u2019aide juridictionnelle peut \u00eatre retir\u00e9e, totalement ou en partie :<\/p>\n\n\n\n<ul>\n<li>en cas de fausse d\u00e9claration ou production de pi\u00e8ces inexactes<\/li>\n\n\n\n<li>si les ressources du b\u00e9n\u00e9ficiaire ont augment\u00e9 largement au cours de la proc\u00e9dure ou si la d\u00e9cision de justice obtenue a procur\u00e9 des ressources nouvelles dont le montant n\u2019aurait pas permis de b\u00e9n\u00e9ficier de l\u2019aide juridictionnelle<\/li>\n\n\n\n<li>si la juridiction consid\u00e8re que la proc\u00e9dure est abusive ou faite pour gagner du temps.<\/li>\n<\/ul>\n<\/div>\n\n\n\n<div class=\"inherit-container-width is-layout-constrained wp-block-group\">\n<h2><strong>Les aides juridiques<\/strong><\/h2>\n\n\n\n<p>Toute personne qu\u2019elle soit en activit\u00e9 ou non \u00e0 le droit \u00e0 des conseils juridiques. Le tribunal de grande instance de Toulouse propose des&nbsp;<a href=\"https:\/\/www.cdad-hautegaronne.justice.fr\/\" target=\"_blank\" rel=\"noreferrer noopener\">permanences juridiques gratuites<\/a>.<\/p>\n\n\n\n<h4>Aide juridictionnelle \u00e0 Toulouse<\/h4>\n\n\n\n<p>Afin d\u2019obtenir une aide juridictionnelle, vous devez envoyer votre dossier de demande avec le formulaire compl\u00e9t\u00e9.&nbsp;<\/p>\n\n\n\n<p>Pour b\u00e9n\u00e9ficier de l\u2019aide, vous devez \u00eatre de nationalit\u00e9 fran\u00e7aise, \u00eatre ressortissant d\u2019un pays de l\u2019Union europ\u00e9enne ou bien \u00eatre de nationalit\u00e9 \u00e9trang\u00e8re r\u00e9sidant en situation r\u00e9guli\u00e8re sur le territoire fran\u00e7ais. Elle est accept\u00e9e sous condition de ressource gr\u00e2ce \u00e0 un<strong>&nbsp;bar\u00e8me qui d\u00e9finit le degr\u00e9 de prise en charge accord\u00e9<\/strong>&nbsp;en fonction du niveau de vos ressources.<\/p>\n\n\n\n<p>Ce&nbsp;<a href=\"https:\/\/ffpe-toulouse.org\/wp-content\/uploads\/2019\/07\/cerfa_15626-01-1.pdf\" target=\"_blank\" rel=\"noreferrer noopener\">cerfa_15626-01<\/a>&nbsp;est le formulaire \u00e0 remplir si vous demandez une aide juridictionnelle afin de vous aider \u00e0 payer les frais de votre proc\u00e8s. Vous devez le t\u00e9l\u00e9charger, puis le remplir et l\u2019imprimer. Le formulaire compl\u00e9t\u00e9 et sign\u00e9 doit ensuite \u00eatre adress\u00e9 au bureau d\u2019aide juridictionnelle du TGI du lieu o\u00f9 vous habitez ou du lieu o\u00f9 se traite votre affaire lorsque celle-ci est d\u00e9j\u00e0 engag\u00e9e. Vous devez joindre \u00e0 votre demande les justificatifs et les pi\u00e8ces \u00e0 fournir pour une demande d\u2019aide juridictionnelle. Vous pouvez vous aider de&nbsp;<a href=\"https:\/\/ffpe-toulouse.org\/wp-content\/uploads\/2019\/07\/FJkjxOgfqOM_notice-51036-04.pdf\" target=\"_blank\" rel=\"noreferrer noopener\">la notice relative \u00e0 la demande d\u2019aide juridictionnelle<\/a><\/p>\n\n\n\n<p>&nbsp;<br>Avant d\u2019envoyer votre demande, v\u00e9rifiez que vous remplissez bien les&nbsp;<a href=\"https:\/\/droit-finances.commentcamarche.com\/faq\/3554-aide-juridictionnelle-bareme-2018-et-conditions\">bar\u00e8me et conditions pour obtenir l\u2019aide juridictionnelle<\/a>, afin notamment de savoir si vos revenus ne d\u00e9passent pas les seuils limites pour b\u00e9n\u00e9ficier de cette aide.<\/p>\n\n\n\n<ul>\n<li>Tribunal de Grande Instance de Toulouse :&nbsp;2 All\u00e9e Jules Guesde B.P. 7015&nbsp;31068&nbsp;Toulouse&nbsp;<strong>Email :<\/strong>&nbsp;tgi-toulouse@justice.fr<br><strong>&nbsp;Tel :<\/strong>&nbsp;0561337070<\/li>\n<\/ul>\n\n\n\n<ul>\n<li>Vous pouvez&nbsp;<strong>contacter le bureau d\u2019aide juridictionnelle (BAJ) du TGI&nbsp;<\/strong>au num\u00e9ro suivant&nbsp;:&nbsp;<strong>05 61 33 70 70<\/strong>. Le BAJ est ouvert au public tous les jours de la semaine de 8h30 \u00e0 12h le matin et de 13h30 \u00e0 17h l\u2019apr\u00e8s-midi.<\/li>\n<\/ul>\n<\/div>\n\n\n\n<div class=\"inherit-container-width is-layout-constrained wp-block-group\">\n<h2>La conciliation<\/h2>\n\n\n\n<h3>Qui est le conciliateur de justice ?<\/h3>\n\n\n\n<p>Volontaire et b\u00e9n\u00e9vole, le conciliateur est choisi sur la foi des garanties de comp\u00e9tence offertes par son parcours professionnel, sa facult\u00e9 d\u2019\u00e9coute, son aptitude \u00e0 contribuer au r\u00e8glement amiable des conflits qui lui sont soumis.<\/p>\n\n\n\n<p>Il est auxiliaire de justice, mais il ne dispose pas de pouvoir juridictionnel.<\/p>\n\n\n\n<p>Il facilite, le r\u00e8glement amiable des diff\u00e9rends entre particuliers en dehors de toute proc\u00e9dure judiciaire. Il ne peut pas trancher un litige ni imposer une d\u00e9cision.<\/p>\n\n\n\n<p>Il peut vous permettre d\u2019\u00e9viter une proc\u00e9dure en vous permettant de&nbsp;trouver une solution amiable.<\/p>\n\n\n\n<h3>Quand pouvez-vous avoir recours \u00e0 ses services ?<\/h3>\n\n\n\n<p>Quand vous vous trouvez confront\u00e9 \u00e0 un trouble de voisinage, \u00e0 un litige avec un professionnel ( malfa\u00e7ons\u2026), avec votre propri\u00e9taire ou votre locataire\u2026<\/p>\n\n\n\n<p>Le conciliateur ne peut pas intervenir dans le r\u00e8glement de litiges li\u00e9s \u00e0 l\u2019\u00e9tat des personnes (filiation, divorce, tutelle \u2026).<\/p>\n\n\n\n<h3>Comment le solliciter ?<\/h3>\n\n\n\n<p>Le conciliateur intervient lorsque le Juge d\u2019Instance le saisit ou lorsqu\u2019un demandeur le sollicite.<\/p>\n\n\n\n<p>Il est tenu au secret et son intervention est gratuite.<\/p>\n\n\n\n<p>Vous pouvez le contacter par t\u00e9l\u00e9phone, par courrier ou en vous rendant \u00e0 sa permanence.<\/p>\n\n\n\n<p>Pour conna\u00eetre les coordonn\u00e9es du conciliateur dont vous d\u00e9pendez, vous pouvez vous adresser \u00e0 la mairie de votre domicile ou au tribunal d\u2019instance qui en d\u00e9tiennent la liste. Vous pouvez \u00e9galement consulter le site du&nbsp;<a href=\"https:\/\/www.cdad-hautegaronne.justice.fr\/\">Conseil D\u00e9partemental d\u2019Acc\u00e8s aux Droits&nbsp;de Haute-Garonne.<\/a><\/p>\n\n\n\n<h3>Comment se d\u00e9roule la proc\u00e9dure ?<\/h3>\n\n\n\n<p>Lorsque le conciliateur aura \u00e9tabli que l\u2019affaire qui lui est soumise peut effectivement faire l\u2019objet d\u2019une conciliation, il proc\u00e9dera alors \u00e0 \u00ab&nbsp;l\u2019invitation \u00e0 compara\u00eetre&nbsp;\u00bb.<\/p>\n\n\n\n<p>Celle-ci s\u2019effectue g\u00e9n\u00e9ralement par lettre, afin que chaque partie ait une parfaite connaissance des conditions de l\u2019entrevue qui lui est propos\u00e9e : gratuit\u00e9 et caract\u00e8re non contraignant.<\/p>\n\n\n\n<p>Les d\u00e9lais de convocation des parties doivent \u00eatre aussi brefs que possibles afin de garder \u00e0 la conciliation son avantage de rapidit\u00e9 et aussi d\u2019\u00e9viter, en cas d\u2019\u00e9chec, un allongement excessif de la proc\u00e9dure contentieuse.<\/p>\n\n\n\n<p>Le conciliateur va contacter les diff\u00e9rentes parties pour conna\u00eetre leurs arguments. Vous pouvez vous faire assister ou repr\u00e9senter par un conseil.<br>Si l\u2019affaire le n\u00e9cessite, le conciliateur peut sugg\u00e9rer le recours \u00e0 un expert (ce dernier sera pay\u00e9 par les parties).<\/p>\n\n\n\n<p>Il peut entendre toutes les personnes dont l\u2019audition lui para\u00eet utile (leurs d\u00e9clarations ne sont pas recueillies sous serment).<\/p>\n\n\n\n<p>Le conciliateur propose ensuite une suggestion de conciliation.<\/p>\n\n\n\n<p>Si elle est accept\u00e9e, un constat d\u2019accord est sign\u00e9; la conciliation est alors r\u00e9alis\u00e9e. Un exemplaire est remis \u00e0 chaque int\u00e9ress\u00e9. Un duplicata est d\u00e9pos\u00e9 au secr\u00e9tariat du greffe du tribunal d\u2019instance.<\/p>\n\n\n\n<p><strong>ATTENTION !<\/strong><\/p>\n\n\n\n<ul>\n<li>Lorsque la conciliation entra\u00eene pour l\u2019une des personnes en cause la renonciation \u00e0 un droit, la r\u00e9daction d\u2019un constat est obligatoire.&nbsp;Ce constat n\u2019a pas la valeur d\u2019un jugement mais il engage les parties qui doivent le respecter. Si l\u2019accord n\u2019est pas respect\u00e9, la partie l\u00e9s\u00e9e peut faire une requ\u00eate (gratuite) aupr\u00e8s du juge d\u2019instance pour lui demander d\u2019accorder force ex\u00e9cutoire \u00e0 l\u2019accord \u00e9crit. Dans cette hypoth\u00e8se l\u2019accord produit les m\u00eames effets qu\u2019un jugement. Si la conciliation \u00e9choue, il ne reste plus qu\u2019\u00e0 intenter une action en justice.<\/li>\n\n\n\n<li>Depuis le 1er d\u00e9cembre 2010, la tentative de conciliation suspend les d\u00e9lais de prescription fix\u00e9s pour intenter une action en justice. Le cours de ces d\u00e9lais reprend en cas d\u2019\u00e9chec av\u00e9r\u00e9 de la conciliation.<\/li>\n<\/ul>\n<\/div>\n","protected":false},"excerpt":{"rendered":"<p>Droits Juridiques Vous avez besoin de renseignements, de conseils Vous pouvez consulter&nbsp;gratuitement&nbsp;un avocat, un notaire, un huissier de justice.Pour cela, vous pouvez vous adresser aux consultations et permanences juridiques gratuites pr\u00e9sentes sur Toulouse et le Grand Toulouse. Vous voulez b\u00e9n\u00e9ficier de l\u2019aide juridictionnelle L\u2019aide juridictionnelle permet aux personnes ayant des ressources modestes d\u2019avoir acc\u00e8s \u00e0 &hellip;<\/p>\n<p class=\"read-more\"> <a class=\"\" href=\"https:\/\/dev.ffpe-toulouse.org\/?page_id=1447\"> <span class=\"screen-reader-text\">Droits juridiques<\/span> Lire la suite\u00a0\u00bb<\/a><\/p>\n","protected":false},"author":2,"featured_media":0,"parent":0,"menu_order":0,"comment_status":"closed","ping_status":"closed","template":"","meta":{"site-sidebar-layout":"default","site-content-layout":"default","ast-global-header-display":"","ast-main-header-display":"","ast-hfb-above-header-display":"","ast-hfb-below-header-display":"","ast-hfb-mobile-header-display":"","site-post-title":"disabled","ast-breadcrumbs-content":"","ast-featured-img":"","footer-sml-layout":"","theme-transparent-header-meta":"","adv-header-id-meta":"","stick-header-meta":"","header-above-stick-meta":"","header-main-stick-meta":"","header-below-stick-meta":""},"yoast_head":"<!-- This site is optimized with the Yoast SEO plugin v20.0 - https:\/\/yoast.com\/wordpress\/plugins\/seo\/ -->\n<title>Droits juridiques - F\u00e9d\u00e9ration des Femmes pour l&#039;Europe<\/title>\n<meta name=\"robots\" content=\"index, follow, max-snippet:-1, max-image-preview:large, max-video-preview:-1\" \/>\n<link rel=\"canonical\" href=\"https:\/\/dev.ffpe-toulouse.org\/?page_id=1447\" \/>\n<meta property=\"og:locale\" content=\"fr_FR\" \/>\n<meta property=\"og:type\" content=\"article\" \/>\n<meta property=\"og:title\" content=\"Droits juridiques - F\u00e9d\u00e9ration des Femmes pour l&#039;Europe\" \/>\n<meta property=\"og:description\" content=\"Droits Juridiques Vous avez besoin de renseignements, de conseils Vous pouvez consulter&nbsp;gratuitement&nbsp;un avocat, un notaire, un huissier de justice.Pour cela, vous pouvez vous adresser aux consultations et permanences juridiques gratuites pr\u00e9sentes sur Toulouse et le Grand Toulouse. Vous voulez b\u00e9n\u00e9ficier de l\u2019aide juridictionnelle L\u2019aide juridictionnelle permet aux personnes ayant des ressources modestes d\u2019avoir acc\u00e8s \u00e0 &hellip; Droits juridiques Lire la suite\u00a0\u00bb\" \/>\n<meta property=\"og:url\" content=\"https:\/\/dev.ffpe-toulouse.org\/?page_id=1447\" \/>\n<meta property=\"og:site_name\" content=\"F\u00e9d\u00e9ration des Femmes pour l&#039;Europe\" \/>\n<meta property=\"article:publisher\" content=\"https:\/\/www.facebook.com\/ffpe31\/\" \/>\n<meta property=\"article:modified_time\" content=\"2023-01-18T15:55:55+00:00\" \/>\n<meta name=\"twitter:card\" content=\"summary_large_image\" \/>\n<meta name=\"twitter:site\" content=\"@ffpe31\" \/>\n<meta name=\"twitter:label1\" content=\"Dur\u00e9e de lecture estim\u00e9e\" \/>\n\t<meta name=\"twitter:data1\" content=\"7 minutes\" \/>\n<script type=\"application\/ld+json\" class=\"yoast-schema-graph\">{\"@context\":\"https:\/\/schema.org\",\"@graph\":[{\"@type\":\"WebPage\",\"@id\":\"https:\/\/dev.ffpe-toulouse.org\/?page_id=1447\",\"url\":\"https:\/\/dev.ffpe-toulouse.org\/?page_id=1447\",\"name\":\"Droits juridiques - F\u00e9d\u00e9ration des Femmes pour l&#039;Europe\",\"isPartOf\":{\"@id\":\"https:\/\/dev.ffpe-toulouse.org\/#website\"},\"datePublished\":\"2023-01-11T14:23:20+00:00\",\"dateModified\":\"2023-01-18T15:55:55+00:00\",\"breadcrumb\":{\"@id\":\"https:\/\/dev.ffpe-toulouse.org\/?page_id=1447#breadcrumb\"},\"inLanguage\":\"fr-FR\",\"potentialAction\":[{\"@type\":\"ReadAction\",\"target\":[\"https:\/\/dev.ffpe-toulouse.org\/?page_id=1447\"]}]},{\"@type\":\"BreadcrumbList\",\"@id\":\"https:\/\/dev.ffpe-toulouse.org\/?page_id=1447#breadcrumb\",\"itemListElement\":[{\"@type\":\"ListItem\",\"position\":1,\"name\":\"Accueil\",\"item\":\"https:\/\/dev.ffpe-toulouse.org\/\"},{\"@type\":\"ListItem\",\"position\":2,\"name\":\"Droits juridiques\"}]},{\"@type\":\"WebSite\",\"@id\":\"https:\/\/dev.ffpe-toulouse.org\/#website\",\"url\":\"https:\/\/dev.ffpe-toulouse.org\/\",\"name\":\"F\u00e9d\u00e9ration des Femmes pour l'Europe\",\"description\":\"Association\",\"publisher\":{\"@id\":\"https:\/\/dev.ffpe-toulouse.org\/#organization\"},\"potentialAction\":[{\"@type\":\"SearchAction\",\"target\":{\"@type\":\"EntryPoint\",\"urlTemplate\":\"https:\/\/dev.ffpe-toulouse.org\/?s={search_term_string}\"},\"query-input\":\"required name=search_term_string\"}],\"inLanguage\":\"fr-FR\"},{\"@type\":\"Organization\",\"@id\":\"https:\/\/dev.ffpe-toulouse.org\/#organization\",\"name\":\"F\u00e9d\u00e9ration des Femmes pour l'Europe\",\"url\":\"https:\/\/dev.ffpe-toulouse.org\/\",\"logo\":{\"@type\":\"ImageObject\",\"inLanguage\":\"fr-FR\",\"@id\":\"https:\/\/dev.ffpe-toulouse.org\/#\/schema\/logo\/image\/\",\"url\":\"https:\/\/dev.ffpe-toulouse.org\/wp-content\/uploads\/2022\/10\/cropped-cropped-cropped-Logo_FFPE_haute-resolution-1-scaled-1.jpg\",\"contentUrl\":\"https:\/\/dev.ffpe-toulouse.org\/wp-content\/uploads\/2022\/10\/cropped-cropped-cropped-Logo_FFPE_haute-resolution-1-scaled-1.jpg\",\"width\":512,\"height\":438,\"caption\":\"F\u00e9d\u00e9ration des Femmes pour l'Europe\"},\"image\":{\"@id\":\"https:\/\/dev.ffpe-toulouse.org\/#\/schema\/logo\/image\/\"},\"sameAs\":[\"https:\/\/www.instagram.com\/ffpe31\/\",\"https:\/\/www.facebook.com\/ffpe31\/\",\"https:\/\/twitter.com\/ffpe31\"]}]}<\/script>\n<!-- \/ Yoast SEO plugin. -->","yoast_head_json":{"title":"Droits juridiques - F\u00e9d\u00e9ration des Femmes pour l&#039;Europe","robots":{"index":"index","follow":"follow","max-snippet":"max-snippet:-1","max-image-preview":"max-image-preview:large","max-video-preview":"max-video-preview:-1"},"canonical":"https:\/\/dev.ffpe-toulouse.org\/?page_id=1447","og_locale":"fr_FR","og_type":"article","og_title":"Droits juridiques - F\u00e9d\u00e9ration des Femmes pour l&#039;Europe","og_description":"Droits Juridiques Vous avez besoin de renseignements, de conseils Vous pouvez consulter&nbsp;gratuitement&nbsp;un avocat, un notaire, un huissier de justice.Pour cela, vous pouvez vous adresser aux consultations et permanences juridiques gratuites pr\u00e9sentes sur Toulouse et le Grand Toulouse. Vous voulez b\u00e9n\u00e9ficier de l\u2019aide juridictionnelle L\u2019aide juridictionnelle permet aux personnes ayant des ressources modestes d\u2019avoir acc\u00e8s \u00e0 &hellip; Droits juridiques Lire la suite\u00a0\u00bb","og_url":"https:\/\/dev.ffpe-toulouse.org\/?page_id=1447","og_site_name":"F\u00e9d\u00e9ration des Femmes pour l&#039;Europe","article_publisher":"https:\/\/www.facebook.com\/ffpe31\/","article_modified_time":"2023-01-18T15:55:55+00:00","twitter_card":"summary_large_image","twitter_site":"@ffpe31","twitter_misc":{"Dur\u00e9e de lecture estim\u00e9e":"7 minutes"},"schema":{"@context":"https:\/\/schema.org","@graph":[{"@type":"WebPage","@id":"https:\/\/dev.ffpe-toulouse.org\/?page_id=1447","url":"https:\/\/dev.ffpe-toulouse.org\/?page_id=1447","name":"Droits juridiques - F\u00e9d\u00e9ration des Femmes pour l&#039;Europe","isPartOf":{"@id":"https:\/\/dev.ffpe-toulouse.org\/#website"},"datePublished":"2023-01-11T14:23:20+00:00","dateModified":"2023-01-18T15:55:55+00:00","breadcrumb":{"@id":"https:\/\/dev.ffpe-toulouse.org\/?page_id=1447#breadcrumb"},"inLanguage":"fr-FR","potentialAction":[{"@type":"ReadAction","target":["https:\/\/dev.ffpe-toulouse.org\/?page_id=1447"]}]},{"@type":"BreadcrumbList","@id":"https:\/\/dev.ffpe-toulouse.org\/?page_id=1447#breadcrumb","itemListElement":[{"@type":"ListItem","position":1,"name":"Accueil","item":"https:\/\/dev.ffpe-toulouse.org\/"},{"@type":"ListItem","position":2,"name":"Droits juridiques"}]},{"@type":"WebSite","@id":"https:\/\/dev.ffpe-toulouse.org\/#website","url":"https:\/\/dev.ffpe-toulouse.org\/","name":"F\u00e9d\u00e9ration des Femmes pour l'Europe","description":"Association","publisher":{"@id":"https:\/\/dev.ffpe-toulouse.org\/#organization"},"potentialAction":[{"@type":"SearchAction","target":{"@type":"EntryPoint","urlTemplate":"https:\/\/dev.ffpe-toulouse.org\/?s={search_term_string}"},"query-input":"required name=search_term_string"}],"inLanguage":"fr-FR"},{"@type":"Organization","@id":"https:\/\/dev.ffpe-toulouse.org\/#organization","name":"F\u00e9d\u00e9ration des Femmes pour l'Europe","url":"https:\/\/dev.ffpe-toulouse.org\/","logo":{"@type":"ImageObject","inLanguage":"fr-FR","@id":"https:\/\/dev.ffpe-toulouse.org\/#\/schema\/logo\/image\/","url":"https:\/\/dev.ffpe-toulouse.org\/wp-content\/uploads\/2022\/10\/cropped-cropped-cropped-Logo_FFPE_haute-resolution-1-scaled-1.jpg","contentUrl":"https:\/\/dev.ffpe-toulouse.org\/wp-content\/uploads\/2022\/10\/cropped-cropped-cropped-Logo_FFPE_haute-resolution-1-scaled-1.jpg","width":512,"height":438,"caption":"F\u00e9d\u00e9ration des Femmes pour l'Europe"},"image":{"@id":"https:\/\/dev.ffpe-toulouse.org\/#\/schema\/logo\/image\/"},"sameAs":["https:\/\/www.instagram.com\/ffpe31\/","https:\/\/www.facebook.com\/ffpe31\/","https:\/\/twitter.com\/ffpe31"]}]}},"_links":{"self":[{"href":"https:\/\/dev.ffpe-toulouse.org\/index.php?rest_route=\/wp\/v2\/pages\/1447"}],"collection":[{"href":"https:\/\/dev.ffpe-toulouse.org\/index.php?rest_route=\/wp\/v2\/pages"}],"about":[{"href":"https:\/\/dev.ffpe-toulouse.org\/index.php?rest_route=\/wp\/v2\/types\/page"}],"author":[{"embeddable":true,"href":"https:\/\/dev.ffpe-toulouse.org\/index.php?rest_route=\/wp\/v2\/users\/2"}],"replies":[{"embeddable":true,"href":"https:\/\/dev.ffpe-toulouse.org\/index.php?rest_route=%2Fwp%2Fv2%2Fcomments&post=1447"}],"version-history":[{"count":24,"href":"https:\/\/dev.ffpe-toulouse.org\/index.php?rest_route=\/wp\/v2\/pages\/1447\/revisions"}],"predecessor-version":[{"id":1653,"href":"https:\/\/dev.ffpe-toulouse.org\/index.php?rest_route=\/wp\/v2\/pages\/1447\/revisions\/1653"}],"wp:attachment":[{"href":"https:\/\/dev.ffpe-toulouse.org\/index.php?rest_route=%2Fwp%2Fv2%2Fmedia&parent=1447"}],"curies":[{"name":"wp","href":"https:\/\/api.w.org\/{rel}","templated":true}]}}