{"id":1248,"date":"2022-12-02T09:59:05","date_gmt":"2022-12-02T09:59:05","guid":{"rendered":"https:\/\/dev.ffpe-toulouse.org\/?page_id=1248"},"modified":"2022-12-08T15:02:50","modified_gmt":"2022-12-08T15:02:50","slug":"numeros-durgence","status":"publish","type":"page","link":"https:\/\/dev.ffpe-toulouse.org\/?page_id=1248","title":{"rendered":"Num\u00e9ros d&rsquo;urgence"},"content":{"rendered":"\n<h2>Num\u00e9ros d&rsquo;urgence<\/h2>\n\n\n\n<h4 class=\"has-ast-global-color-0-color has-text-color\">Liste des num\u00e9ros d&rsquo;urgence \u00e0 contacter si vous \u00eates victime ou t\u00e9moin de violence : <\/h4>\n\n\n\n<p class=\"has-ast-global-color-3-color has-ast-global-color-4-background-color has-text-color has-background\">\u279c <strong>15<\/strong> <strong>SAMU<\/strong> : urgence m\u00e9dicale<\/p>\n\n\n\n<p class=\"has-ast-global-color-3-color has-ast-global-color-4-background-color has-text-color has-background\">\u279c <strong><strong>17<\/strong><\/strong> <strong>POLICE SECOURS<\/strong> : signaler une infraction<\/p>\n\n\n\n<p class=\"has-ast-global-color-3-color has-ast-global-color-4-background-color has-text-color has-background\">\u279c <strong>18<\/strong> <strong>POMPIERS<\/strong> : situation dangereuse ou accident<\/p>\n\n\n\n<p class=\"has-ast-global-color-3-color has-ast-global-color-4-background-color has-text-color has-background\">\u279c <strong>112<\/strong> <strong>NUM\u00c9RO EUROP\u00c9EN<\/strong> : urgence m\u00e9dicale, infraction, situation dangereuse<\/p>\n\n\n\n<p class=\"has-ast-global-color-3-color has-ast-global-color-4-background-color has-text-color has-background\">\u279c <strong>115 : Samu Social<\/strong> : ouvert 24h\/24, 7j\/7. Il permet d\u2019acc\u00e9der \u00e0 une permanence d\u2019accueil t\u00e9l\u00e9phonique charg\u00e9e d&rsquo;orienter les personnes en besoin d\u2019un h\u00e9bergement d\u2019urgence.&nbsp;<\/p>\n\n\n\n<div style=\"height:30px\" aria-hidden=\"true\" class=\"wp-block-spacer\"><\/div>\n\n\n\n<h4 class=\"has-ast-global-color-0-color has-text-color\">Liste des num\u00e9ros d&rsquo;urgence \u00e0 contacter si vous \u00eates \u00e0 la recherche d&rsquo;informations ou d&rsquo;accompagnement : <\/h4>\n\n\n\n<p class=\"has-ast-global-color-3-color has-ast-global-color-4-background-color has-text-color has-background\">\u279c <strong>39 19 : Violences Femmes Info.<\/strong> Num\u00e9ro d\u2019\u00e9coute, d\u2019information et d\u2019orientation national destin\u00e9 aux femmes victimes de violences, \u00e0 leur entourage et aux professionnels concern\u00e9s.&nbsp;Gratuit, anonyme, disponible 7j\/7 et 24h\/24.<\/p>\n\n\n\n<p class=\"has-ast-global-color-3-color has-ast-global-color-4-background-color has-text-color has-background\">\u279c <strong>05 34 31 23 31<\/strong> <strong>CIDFF 31<\/strong> : Vous souhaitez \u00eatre inform\u00e9\u00b7es et accompagn\u00e9.es sur vos droits <\/p>\n\n\n\n<p class=\"has-ast-global-color-3-color has-ast-global-color-4-background-color has-text-color has-background\">\u279c <strong>0 800 05 95 95 : Viols Femmes Informations<\/strong>. Une ligne d\u2019\u00e9coute gratuite, anonyme et confidentielle. Disponible du lundi au vendredi de 10h \u00e0 19h.<\/p>\n\n\n\n<p class=\"has-ast-global-color-3-color has-ast-global-color-4-background-color has-text-color has-background\">\u279c <strong>116 006 : num\u00e9ro national d\u2019aide aux victimes<\/strong>. Equipe d&rsquo;\u00e9coutant-e-s professionnel-le-s g\u00e9r\u00e9e par la plateforme France Victimes. Gratuit, disponible 7j\/7 de 9h \u00e0 19h.<\/p>\n\n\n\n<div style=\"height:30px\" aria-hidden=\"true\" class=\"wp-block-spacer\"><\/div>\n\n\n\n<h4 class=\"has-ast-global-color-0-color has-text-color\">Liste des num\u00e9ros d&rsquo;urgence \u00e0 contacter si vous \u00eates victime ou t\u00e9moin de harc\u00e8lement ou de cyberharc\u00e8lement : <\/h4>\n\n\n\n<p class=\"has-ast-global-color-6-background-color has-background\">\u279c <strong>3020<\/strong> <strong>NUM\u00c9RO VERT NON AU HARC\u00c8LEMENT<\/strong> : un num\u00e9ro d\u2019\u00e9coute et de prise en charge au service des familles et des victimes<\/p>\n\n\n\n<p class=\"has-ast-global-color-6-background-color has-background\">\u279c <strong>0808 807 010 NUM\u00c9RO VERT NATIONAL <\/strong>: Stop Harc\u00e8lement (gratuit)\u00a0<\/p>\n\n\n\n<p class=\"has-ast-global-color-6-background-color has-background\">\u279c <strong>0800 200 000<\/strong> <strong>NUM\u00c9RO VERT NET \u00c9COUTE<\/strong> : Enfance Cyberharc\u00e8lement<\/p>\n\n\n\n<p class=\"has-ast-global-color-6-background-color has-background\">\u279c <strong>3018<\/strong> <strong>NUM\u00c9RO VERT NATIONAL <\/strong>: prise en charge des victimes de cyberharc\u00e8lement : \u00c9coute, information et conseil des personnes victimes et\/ou t\u00e9moins de cyberharc\u00e8lement (gratuit et anonyme).<\/p>\n\n\n\n<p class=\"has-ast-global-color-6-background-color has-background\">\u279c <strong>3020<\/strong> : Num\u00e9ro vert \u00ab\u00a0Non au Harc\u00e8lement\u00a0\u00bb<\/p>\n\n\n\n<div style=\"height:30px\" aria-hidden=\"true\" class=\"wp-block-spacer\"><\/div>\n\n\n\n<h4 class=\"has-ast-global-color-0-color has-text-color\">Liste des num\u00e9ros d&rsquo;urgence \u00e0 contacter si vous \u00eates victime ou t\u00e9moin de violence sur mineurs : <\/h4>\n\n\n\n<p class=\"has-ast-global-color-4-background-color has-background\">\u279c <strong>119<\/strong> All\u00f4 Enfance Maltrait\u00e9e : Num\u00e9ro national d\u00e9di\u00e9 \u00e0 la pr\u00e9vention et \u00e0 la protection des enfants en danger ou en risque de l\u2019\u00eatre. \u00c9coute, soutien et orientation des enfants. Il est possible de <a href=\"https:\/\/www.allo119.gouv.fr\/recueil-de-situation\" target=\"_blank\" rel=\"noreferrer noopener\">signaler en ligne sur le site<\/a>.<\/p>\n\n\n\n<p class=\"has-ast-global-color-6-background-color has-background\">\u279c <strong>0 800 31 08 08<\/strong> <strong>NUM\u00c9RO VERT <\/strong>: Pour signaler un enfant en danger, tous les jours de 8h30 \u00e0 17 heures (appel gratuit depuis un poste fixe). <\/p>\n\n\n\n<p class=\"has-ast-global-color-6-background-color has-background\">\u279c <strong>0 808 807 700<\/strong> : Num\u00e9ro Jeunes Violence j&rsquo;\u00e9coute<\/p>\n\n\n\n<p class=\"has-ast-global-color-3-color has-ast-global-color-4-background-color has-text-color has-background\">\u279c <strong>116 000<\/strong> : Num\u00e9ro d\u2019urgence \u00ab Enfants disparus \u00bb.<\/p>\n\n\n\n<p class=\"has-ast-global-color-3-color has-ast-global-color-4-background-color has-text-color has-background\">\u279c <strong>0 800 235 236<\/strong> Fil Sant\u00e9 Jeunes :&nbsp;Service anonyme et gratuit d\u2019\u00e9coute pour les 12-25 ans 7j\/7 de 9h \u00e0 13h et de 14h \u00e0 18h. Ecoute des adolescent-e-s en situation de mal-\u00eatre psychologique et orientation vers des professionnels de sant\u00e9.<\/p>\n\n\n\n<p class=\"has-ast-global-color-6-background-color has-background\">\u279c <strong>01 45 39 40 00<\/strong> : Num\u00e9ro Suicide \u00c9coute&nbsp;<\/p>\n\n\n\n<div style=\"height:30px\" aria-hidden=\"true\" class=\"wp-block-spacer\"><\/div>\n\n\n\n<h4 class=\"has-ast-global-color-0-color has-text-color\">Num\u00e9ro d&rsquo;urgence \u00e0 contacter par SMS : <\/h4>\n\n\n\n<p class=\"has-ast-global-color-3-color has-ast-global-color-4-background-color has-text-color has-background\"><strong>114<\/strong> <strong>Par SMS :\u00a0<\/strong>Vous pouvez envoyer un SMS gratuitement au <strong>114<\/strong>. Si vous ne pouvez pas parler (danger, handicap), vous communiquerez alors par \u00e9crit avec votre correspondant.<\/p>\n","protected":false},"excerpt":{"rendered":"<p>Num\u00e9ros d&rsquo;urgence Liste des num\u00e9ros d&rsquo;urgence \u00e0 contacter si vous \u00eates victime ou t\u00e9moin de violence : \u279c 15 SAMU : urgence m\u00e9dicale \u279c 17 POLICE SECOURS : signaler une infraction \u279c 18 POMPIERS : situation dangereuse ou accident \u279c 112 NUM\u00c9RO EUROP\u00c9EN : urgence m\u00e9dicale, infraction, situation dangereuse \u279c 115 : Samu Social : &hellip;<\/p>\n<p class=\"read-more\"> <a class=\"\" href=\"https:\/\/dev.ffpe-toulouse.org\/?page_id=1248\"> <span class=\"screen-reader-text\">Num\u00e9ros d&rsquo;urgence<\/span> Lire la suite\u00a0\u00bb<\/a><\/p>\n","protected":false},"author":2,"featured_media":0,"parent":0,"menu_order":0,"comment_status":"closed","ping_status":"closed","template":"","meta":{"site-sidebar-layout":"default","site-content-layout":"default","ast-global-header-display":"","ast-main-header-display":"","ast-hfb-above-header-display":"","ast-hfb-below-header-display":"","ast-hfb-mobile-header-display":"","site-post-title":"disabled","ast-breadcrumbs-content":"","ast-featured-img":"","footer-sml-layout":"","theme-transparent-header-meta":"","adv-header-id-meta":"","stick-header-meta":"","header-above-stick-meta":"","header-main-stick-meta":"","header-below-stick-meta":""},"yoast_head":"<!-- This site is optimized with the Yoast SEO plugin v20.0 - https:\/\/yoast.com\/wordpress\/plugins\/seo\/ -->\n<title>Num\u00e9ros d&#039;urgence - F\u00e9d\u00e9ration des Femmes pour l&#039;Europe<\/title>\n<meta name=\"robots\" content=\"index, follow, max-snippet:-1, max-image-preview:large, max-video-preview:-1\" \/>\n<link rel=\"canonical\" href=\"https:\/\/dev.ffpe-toulouse.org\/?page_id=1248\" \/>\n<meta property=\"og:locale\" content=\"fr_FR\" \/>\n<meta property=\"og:type\" content=\"article\" \/>\n<meta property=\"og:title\" content=\"Num\u00e9ros d&#039;urgence - F\u00e9d\u00e9ration des Femmes pour l&#039;Europe\" \/>\n<meta property=\"og:description\" content=\"Num\u00e9ros d&rsquo;urgence Liste des num\u00e9ros d&rsquo;urgence \u00e0 contacter si vous \u00eates victime ou t\u00e9moin de violence : \u279c 15 SAMU : urgence m\u00e9dicale \u279c 17 POLICE SECOURS : signaler une infraction \u279c 18 POMPIERS : situation dangereuse ou accident \u279c 112 NUM\u00c9RO EUROP\u00c9EN : urgence m\u00e9dicale, infraction, situation dangereuse \u279c 115 : Samu Social : &hellip; Num\u00e9ros d&rsquo;urgence Lire la suite\u00a0\u00bb\" \/>\n<meta property=\"og:url\" content=\"https:\/\/dev.ffpe-toulouse.org\/?page_id=1248\" \/>\n<meta property=\"og:site_name\" content=\"F\u00e9d\u00e9ration des Femmes pour l&#039;Europe\" \/>\n<meta property=\"article:publisher\" content=\"https:\/\/www.facebook.com\/ffpe31\/\" \/>\n<meta property=\"article:modified_time\" content=\"2022-12-08T15:02:50+00:00\" \/>\n<meta name=\"twitter:card\" content=\"summary_large_image\" \/>\n<meta name=\"twitter:site\" content=\"@ffpe31\" \/>\n<meta name=\"twitter:label1\" content=\"Dur\u00e9e de lecture estim\u00e9e\" \/>\n\t<meta name=\"twitter:data1\" content=\"3 minutes\" \/>\n<script type=\"application\/ld+json\" class=\"yoast-schema-graph\">{\"@context\":\"https:\/\/schema.org\",\"@graph\":[{\"@type\":\"WebPage\",\"@id\":\"https:\/\/dev.ffpe-toulouse.org\/?page_id=1248\",\"url\":\"https:\/\/dev.ffpe-toulouse.org\/?page_id=1248\",\"name\":\"Num\u00e9ros d'urgence - F\u00e9d\u00e9ration des Femmes pour l&#039;Europe\",\"isPartOf\":{\"@id\":\"https:\/\/dev.ffpe-toulouse.org\/#website\"},\"datePublished\":\"2022-12-02T09:59:05+00:00\",\"dateModified\":\"2022-12-08T15:02:50+00:00\",\"breadcrumb\":{\"@id\":\"https:\/\/dev.ffpe-toulouse.org\/?page_id=1248#breadcrumb\"},\"inLanguage\":\"fr-FR\",\"potentialAction\":[{\"@type\":\"ReadAction\",\"target\":[\"https:\/\/dev.ffpe-toulouse.org\/?page_id=1248\"]}]},{\"@type\":\"BreadcrumbList\",\"@id\":\"https:\/\/dev.ffpe-toulouse.org\/?page_id=1248#breadcrumb\",\"itemListElement\":[{\"@type\":\"ListItem\",\"position\":1,\"name\":\"Accueil\",\"item\":\"https:\/\/dev.ffpe-toulouse.org\/\"},{\"@type\":\"ListItem\",\"position\":2,\"name\":\"Num\u00e9ros d&rsquo;urgence\"}]},{\"@type\":\"WebSite\",\"@id\":\"https:\/\/dev.ffpe-toulouse.org\/#website\",\"url\":\"https:\/\/dev.ffpe-toulouse.org\/\",\"name\":\"F\u00e9d\u00e9ration des Femmes pour l'Europe\",\"description\":\"Association\",\"publisher\":{\"@id\":\"https:\/\/dev.ffpe-toulouse.org\/#organization\"},\"potentialAction\":[{\"@type\":\"SearchAction\",\"target\":{\"@type\":\"EntryPoint\",\"urlTemplate\":\"https:\/\/dev.ffpe-toulouse.org\/?s={search_term_string}\"},\"query-input\":\"required name=search_term_string\"}],\"inLanguage\":\"fr-FR\"},{\"@type\":\"Organization\",\"@id\":\"https:\/\/dev.ffpe-toulouse.org\/#organization\",\"name\":\"F\u00e9d\u00e9ration des Femmes pour l'Europe\",\"url\":\"https:\/\/dev.ffpe-toulouse.org\/\",\"logo\":{\"@type\":\"ImageObject\",\"inLanguage\":\"fr-FR\",\"@id\":\"https:\/\/dev.ffpe-toulouse.org\/#\/schema\/logo\/image\/\",\"url\":\"https:\/\/dev.ffpe-toulouse.org\/wp-content\/uploads\/2022\/10\/cropped-cropped-cropped-Logo_FFPE_haute-resolution-1-scaled-1.jpg\",\"contentUrl\":\"https:\/\/dev.ffpe-toulouse.org\/wp-content\/uploads\/2022\/10\/cropped-cropped-cropped-Logo_FFPE_haute-resolution-1-scaled-1.jpg\",\"width\":512,\"height\":438,\"caption\":\"F\u00e9d\u00e9ration des Femmes pour l'Europe\"},\"image\":{\"@id\":\"https:\/\/dev.ffpe-toulouse.org\/#\/schema\/logo\/image\/\"},\"sameAs\":[\"https:\/\/www.instagram.com\/ffpe31\/\",\"https:\/\/www.facebook.com\/ffpe31\/\",\"https:\/\/twitter.com\/ffpe31\"]}]}<\/script>\n<!-- \/ Yoast SEO plugin. -->","yoast_head_json":{"title":"Num\u00e9ros d'urgence - F\u00e9d\u00e9ration des Femmes pour l&#039;Europe","robots":{"index":"index","follow":"follow","max-snippet":"max-snippet:-1","max-image-preview":"max-image-preview:large","max-video-preview":"max-video-preview:-1"},"canonical":"https:\/\/dev.ffpe-toulouse.org\/?page_id=1248","og_locale":"fr_FR","og_type":"article","og_title":"Num\u00e9ros d'urgence - F\u00e9d\u00e9ration des Femmes pour l&#039;Europe","og_description":"Num\u00e9ros d&rsquo;urgence Liste des num\u00e9ros d&rsquo;urgence \u00e0 contacter si vous \u00eates victime ou t\u00e9moin de violence : \u279c 15 SAMU : urgence m\u00e9dicale \u279c 17 POLICE SECOURS : signaler une infraction \u279c 18 POMPIERS : situation dangereuse ou accident \u279c 112 NUM\u00c9RO EUROP\u00c9EN : urgence m\u00e9dicale, infraction, situation dangereuse \u279c 115 : Samu Social : &hellip; Num\u00e9ros d&rsquo;urgence Lire la suite\u00a0\u00bb","og_url":"https:\/\/dev.ffpe-toulouse.org\/?page_id=1248","og_site_name":"F\u00e9d\u00e9ration des Femmes pour l&#039;Europe","article_publisher":"https:\/\/www.facebook.com\/ffpe31\/","article_modified_time":"2022-12-08T15:02:50+00:00","twitter_card":"summary_large_image","twitter_site":"@ffpe31","twitter_misc":{"Dur\u00e9e de lecture estim\u00e9e":"3 minutes"},"schema":{"@context":"https:\/\/schema.org","@graph":[{"@type":"WebPage","@id":"https:\/\/dev.ffpe-toulouse.org\/?page_id=1248","url":"https:\/\/dev.ffpe-toulouse.org\/?page_id=1248","name":"Num\u00e9ros d'urgence - F\u00e9d\u00e9ration des Femmes pour l&#039;Europe","isPartOf":{"@id":"https:\/\/dev.ffpe-toulouse.org\/#website"},"datePublished":"2022-12-02T09:59:05+00:00","dateModified":"2022-12-08T15:02:50+00:00","breadcrumb":{"@id":"https:\/\/dev.ffpe-toulouse.org\/?page_id=1248#breadcrumb"},"inLanguage":"fr-FR","potentialAction":[{"@type":"ReadAction","target":["https:\/\/dev.ffpe-toulouse.org\/?page_id=1248"]}]},{"@type":"BreadcrumbList","@id":"https:\/\/dev.ffpe-toulouse.org\/?page_id=1248#breadcrumb","itemListElement":[{"@type":"ListItem","position":1,"name":"Accueil","item":"https:\/\/dev.ffpe-toulouse.org\/"},{"@type":"ListItem","position":2,"name":"Num\u00e9ros d&rsquo;urgence"}]},{"@type":"WebSite","@id":"https:\/\/dev.ffpe-toulouse.org\/#website","url":"https:\/\/dev.ffpe-toulouse.org\/","name":"F\u00e9d\u00e9ration des Femmes pour l'Europe","description":"Association","publisher":{"@id":"https:\/\/dev.ffpe-toulouse.org\/#organization"},"potentialAction":[{"@type":"SearchAction","target":{"@type":"EntryPoint","urlTemplate":"https:\/\/dev.ffpe-toulouse.org\/?s={search_term_string}"},"query-input":"required name=search_term_string"}],"inLanguage":"fr-FR"},{"@type":"Organization","@id":"https:\/\/dev.ffpe-toulouse.org\/#organization","name":"F\u00e9d\u00e9ration des Femmes pour l'Europe","url":"https:\/\/dev.ffpe-toulouse.org\/","logo":{"@type":"ImageObject","inLanguage":"fr-FR","@id":"https:\/\/dev.ffpe-toulouse.org\/#\/schema\/logo\/image\/","url":"https:\/\/dev.ffpe-toulouse.org\/wp-content\/uploads\/2022\/10\/cropped-cropped-cropped-Logo_FFPE_haute-resolution-1-scaled-1.jpg","contentUrl":"https:\/\/dev.ffpe-toulouse.org\/wp-content\/uploads\/2022\/10\/cropped-cropped-cropped-Logo_FFPE_haute-resolution-1-scaled-1.jpg","width":512,"height":438,"caption":"F\u00e9d\u00e9ration des Femmes pour l'Europe"},"image":{"@id":"https:\/\/dev.ffpe-toulouse.org\/#\/schema\/logo\/image\/"},"sameAs":["https:\/\/www.instagram.com\/ffpe31\/","https:\/\/www.facebook.com\/ffpe31\/","https:\/\/twitter.com\/ffpe31"]}]}},"_links":{"self":[{"href":"https:\/\/dev.ffpe-toulouse.org\/index.php?rest_route=\/wp\/v2\/pages\/1248"}],"collection":[{"href":"https:\/\/dev.ffpe-toulouse.org\/index.php?rest_route=\/wp\/v2\/pages"}],"about":[{"href":"https:\/\/dev.ffpe-toulouse.org\/index.php?rest_route=\/wp\/v2\/types\/page"}],"author":[{"embeddable":true,"href":"https:\/\/dev.ffpe-toulouse.org\/index.php?rest_route=\/wp\/v2\/users\/2"}],"replies":[{"embeddable":true,"href":"https:\/\/dev.ffpe-toulouse.org\/index.php?rest_route=%2Fwp%2Fv2%2Fcomments&post=1248"}],"version-history":[{"count":34,"href":"https:\/\/dev.ffpe-toulouse.org\/index.php?rest_route=\/wp\/v2\/pages\/1248\/revisions"}],"predecessor-version":[{"id":1392,"href":"https:\/\/dev.ffpe-toulouse.org\/index.php?rest_route=\/wp\/v2\/pages\/1248\/revisions\/1392"}],"wp:attachment":[{"href":"https:\/\/dev.ffpe-toulouse.org\/index.php?rest_route=%2Fwp%2Fv2%2Fmedia&parent=1248"}],"curies":[{"name":"wp","href":"https:\/\/api.w.org\/{rel}","templated":true}]}}